{"id":232,"date":"2019-10-08T09:04:40","date_gmt":"2019-10-08T09:04:40","guid":{"rendered":"https:\/\/yeargedernegi.org\/blog\/"},"modified":"2025-11-25T20:56:19","modified_gmt":"2025-11-25T20:56:19","slug":"blog","status":"publish","type":"page","link":"https:\/\/yeargedernegi.org\/en\/blog\/","title":{"rendered":"Blog"},"content":{"rendered":"<div data-elementor-type=\"wp-page\" data-elementor-id=\"232\" class=\"elementor elementor-232\">\n\t\t\t\t<div class=\"aux-parallax-section elementor-element elementor-element-2b1a16d e-flex e-con-boxed e-con e-parent\" data-id=\"2b1a16d\" data-element_type=\"container\" data-e-type=\"container\">\n\t\t\t\t\t<div class=\"e-con-inner\">\n\t\t<div class=\"elementor-element elementor-element-137c251 e-con-full e-flex e-con e-child\" data-id=\"137c251\" data-element_type=\"container\" data-e-type=\"container\">\n\t\t\t\t<div class=\"elementor-element elementor-element-97cdef5 aux-appear-watch-animation aux-fade-in-up elementor-widget elementor-widget-aux_modern_heading\" data-id=\"97cdef5\" data-element_type=\"widget\" data-e-type=\"widget\" data-widget_type=\"aux_modern_heading.default\">\n\t\t\t\t<div class=\"elementor-widget-container\">\n\t\t\t\t\t<section class=\"aux-widget-modern-heading\">\n            <div class=\"aux-widget-inner\"><h3 class=\"aux-modern-heading-primary\">News<\/h3><\/div>\n        <\/section>\t\t\t\t<\/div>\n\t\t\t\t<\/div>\n\t\t\t\t<div class=\"elementor-element elementor-element-8de7e4a aux-appear-watch-animation aux-fade-in-up elementor-widget elementor-widget-aux_recent_posts\" data-id=\"8de7e4a\" data-element_type=\"widget\" data-e-type=\"widget\" data-settings=\"{&quot;columns&quot;:&quot;3&quot;,&quot;columns_tablet&quot;:&quot;3&quot;,&quot;columns_mobile&quot;:&quot;1&quot;}\" data-widget_type=\"aux_recent_posts.default\">\n\t\t\t\t<div class=\"elementor-widget-container\">\n\t\t\t\t\t<section class=\"widget-container aux-widget-recent-posts aux-parent-au21066288\"><div data-element-id=\"au21066288\" class=\"aux-match-height aux-row aux-de-col3 aux-tb-col3 aux-mb-col1 aux-total-3 aux-grid-table-layout aux-border-collapse aux-has-bghover aux-no-meta aux-ajax-view\"><div class=\"aux-col post-300\">\n                        <article class=\"post column-entry no-media post-300 type-post status-publish format-standard hentry category-uncategorized\">\n                            \n                            <div class=\"entry-main\">\n                                                                                        \n                                <div class=\"entry-info\">\n                                                                                                    <span class=\"entry-meta-sep meta-sep\">by<\/span>\n                                    <span class=\"author vcard\">\n                                        <a href=\"https:\/\/yeargedernegi.org\/en\/author\/gvar\/\" rel=\"author\" title=\"View all posts by G\u00fclnur VARLI\" >\n                                            Gulnur Varli                                        <\/a>\n                                    <\/span>\n                                                                                                                                                                        <\/div>\n                            \n                                <header class=\"entry-header\">\n                                \n                                    <h4 class=\"entry-title\">\n                                        <a href=\"https:\/\/yeargedernegi.org\/en\/egitimde-yenilik-ve-isbirligi-icin-birlikte-uretiyoruz-gulnur-varlidan-ozgun-bir-bakis\/\">\n                                            \u201cWe Produce Together for Innovation and Collaboration in Education\u201d \u2013 A Unique Perspective from G\u00fclnur VARLI                                        <\/a>\n                                    <\/h4>\n                                                                    <div class=\"entry-format\">\n                                        <a href=\"https:\/\/yeargedernegi.org\/en\/egitimde-yenilik-ve-isbirligi-icin-birlikte-uretiyoruz-gulnur-varlidan-ozgun-bir-bakis\/\">\n                                            <div class=\"post-format format-\"> <\/div>\n                                        <\/a>\n                                    <\/div>\n                                <\/header>\n                            \n                                                            <div class=\"entry-content\">\n                                                                            <p>\nG\u00fclnur VARLI, Member of the Board of Directors of the YEAR-GE Association, made an assessment emphasizing the importance of education and youth projects carried out at national and international levels...<\/p><div class=\"clear\"><\/div>                                <\/div>\n                                                        \n                            <\/div>\n\n                        <\/article>\n<\/div><div class=\"aux-col post-297\">\n                        <article class=\"post column-entry no-media post-297 type-post status-publish format-standard has-post-thumbnail hentry category-uncategorized\">\n                            \n                            <div class=\"entry-main\">\n                                                                                        \n                                <div class=\"entry-info\">\n                                                                                                    <span class=\"entry-meta-sep meta-sep\">by<\/span>\n                                    <span class=\"author vcard\">\n                                        <a href=\"https:\/\/yeargedernegi.org\/en\/author\/kirdarserap\/\" rel=\"author\" title=\"View all posts by Serap KIRDAR KUZ\u00d6REN\" >\n                                            Serap KIRDAR KUZ\u00d6REN                                        <\/a>\n                                    <\/span>\n                                                                                                                                                                        <\/div>\n                            \n                                <header class=\"entry-header\">\n                                \n                                    <h4 class=\"entry-title\">\n                                        <a href=\"https:\/\/yeargedernegi.org\/en\/ulusal-ve-uluslararasi-projeler-gelecege-yapilan-en-degerli-yatirimdir\/\">\n                                            \u201cNational and International Projects Are the Most Valuable Investment in the Future\u201d                                        <\/a>\n                                    <\/h4>\n                                                                    <div class=\"entry-format\">\n                                        <a href=\"https:\/\/yeargedernegi.org\/en\/ulusal-ve-uluslararasi-projeler-gelecege-yapilan-en-degerli-yatirimdir\/\">\n                                            <div class=\"post-format format-\"> <\/div>\n                                        <\/a>\n                                    <\/div>\n                                <\/header>\n                            \n                                                            <div class=\"entry-content\">\n                                                                            <p>\nSerap KIRDAR KUZ\u00d6REN, Chairperson of the Board of Directors of the Innovative Education Research and Development Association (YEAR-GE), stated that national and international projects are effective in social development.<\/p><div class=\"clear\"><\/div>                                <\/div>\n                                                        \n                            <\/div>\n\n                        <\/article>\n<\/div><div class=\"aux-col post-294\">\n                        <article class=\"post column-entry no-media post-294 type-post status-publish format-standard has-post-thumbnail hentry category-uncategorized\">\n                            \n                            <div class=\"entry-main\">\n                                                                                        \n                                <div class=\"entry-info\">\n                                                                                                    <span class=\"entry-meta-sep meta-sep\">by<\/span>\n                                    <span class=\"author vcard\">\n                                        <a href=\"https:\/\/yeargedernegi.org\/en\/author\/yalcin-kuzoren\/\" rel=\"author\" title=\"View all posts by Yal\u00e7\u0131n KUZ\u00d6REN\" >\n                                            Yalcin Kuzoren                                        <\/a>\n                                    <\/span>\n                                                                                                                                                                        <\/div>\n                            \n                                <header class=\"entry-header\">\n                                \n                                    <h4 class=\"entry-title\">\n                                        <a href=\"https:\/\/yeargedernegi.org\/en\/erasmus-programi-egitim-genclik-ve-isbirliginde-yeni-ufuklar\/\">\n                                            ERASMUS+ PROGRAM: NEW HORIZONS IN EDUCATION, YOUTH AND COOPERATION                                        <\/a>\n                                    <\/h4>\n                                                                    <div class=\"entry-format\">\n                                        <a href=\"https:\/\/yeargedernegi.org\/en\/erasmus-programi-egitim-genclik-ve-isbirliginde-yeni-ufuklar\/\">\n                                            <div class=\"post-format format-\"> <\/div>\n                                        <\/a>\n                                    <\/div>\n                                <\/header>\n                            \n                                                            <div class=\"entry-content\">\n                                                                            <p>\nErasmus+ aims to improve the quality of education, support the personal and professional development of young people and strengthen international cooperation between institutions.<\/p><div class=\"clear\"><\/div>                                <\/div>\n                                                        \n                            <\/div>\n\n                        <\/article>\n<\/div><\/div><\/section><!-- widget-container -->\t\t\t\t<\/div>\n\t\t\t\t<\/div>\n\t\t\t\t<\/div>\n\t\t\t\t\t<\/div>\n\t\t\t\t<\/div>\n\t\t\t\t<\/div>","protected":false},"excerpt":{"rendered":"<p>Haberler by G\u00fclnur VARLI | Edit \u201cE\u011fitimde Yenilik ve \u0130\u015fbirli\u011fi \u0130\u00e7in Birlikte \u00dcretiyoruz\u201d \u2013 G\u00fclnur VARLI\u2019dan \u00d6zg\u00fcn Bir Bak\u0131\u015f YEAR-GE Derne\u011fi Y\u00f6netim Kurulu \u00dcyesi G\u00fclnur VARLI, ulusal ve uluslararas\u0131 d\u00fczeyde y\u00fcr\u00fct\u00fclen e\u011fitim ve gen\u00e7lik projelerinin \u00f6nemini vurgulayan bir de\u011ferlendirme &#8230; by Serap KIRDAR KUZ\u00d6REN | Edit \u201cUlusal ve Uluslararas\u0131 Projeler, Gelece\u011fe Yap\u0131lan En De\u011ferli Yat\u0131r\u0131md\u0131r\u201d [&hellip;]<\/p>","protected":false},"author":1,"featured_media":0,"parent":0,"menu_order":0,"comment_status":"closed","ping_status":"closed","template":"templates\/page-builder-content.php","meta":{"footnotes":""},"class_list":["post-232","page","type-page","status-publish","hentry"],"_hostinger_reach_plugin_has_subscription_block":false,"_hostinger_reach_plugin_is_elementor":false,"_links":{"self":[{"href":"https:\/\/yeargedernegi.org\/en\/wp-json\/wp\/v2\/pages\/232","targetHints":{"allow":["GET"]}}],"collection":[{"href":"https:\/\/yeargedernegi.org\/en\/wp-json\/wp\/v2\/pages"}],"about":[{"href":"https:\/\/yeargedernegi.org\/en\/wp-json\/wp\/v2\/types\/page"}],"author":[{"embeddable":true,"href":"https:\/\/yeargedernegi.org\/en\/wp-json\/wp\/v2\/users\/1"}],"replies":[{"embeddable":true,"href":"https:\/\/yeargedernegi.org\/en\/wp-json\/wp\/v2\/comments?post=232"}],"version-history":[{"count":10,"href":"https:\/\/yeargedernegi.org\/en\/wp-json\/wp\/v2\/pages\/232\/revisions"}],"predecessor-version":[{"id":603,"href":"https:\/\/yeargedernegi.org\/en\/wp-json\/wp\/v2\/pages\/232\/revisions\/603"}],"wp:attachment":[{"href":"https:\/\/yeargedernegi.org\/en\/wp-json\/wp\/v2\/media?parent=232"}],"curies":[{"name":"wp","href":"https:\/\/api.w.org\/{rel}","templated":true}]}}