{"id":306,"date":"2025-11-20T06:29:16","date_gmt":"2025-11-20T06:29:16","guid":{"rendered":"https:\/\/yeargedernegi.org\/?page_id=306"},"modified":"2025-11-20T14:19:26","modified_gmt":"2025-11-20T14:19:26","slug":"vizyonumuz","status":"publish","type":"page","link":"https:\/\/yeargedernegi.org\/en\/vizyonumuz\/","title":{"rendered":"Our vision"},"content":{"rendered":"<div data-elementor-type=\"wp-page\" data-elementor-id=\"306\" class=\"elementor elementor-306\">\n\t\t\t\t<div class=\"aux-parallax-section elementor-element elementor-element-375677c e-flex e-con-boxed e-con e-parent\" data-id=\"375677c\" data-element_type=\"container\" data-e-type=\"container\">\n\t\t\t\t\t<div class=\"e-con-inner\">\n\t\t\t\t<div class=\"elementor-element elementor-element-86d2290 elementor-widget elementor-widget-aux_image\" data-id=\"86d2290\" data-element_type=\"widget\" data-e-type=\"widget\" data-widget_type=\"aux_image.default\">\n\t\t\t\t<div class=\"elementor-widget-container\">\n\t\t\t\t\t<section class=\"widget-container aux-widget-image aux-alignnone aux-parent-au8f765938\">\n    <div class=\"aux-media-hint-frame\">\n        <div class=\"aux-media-image\" >\n        \n            \n\n            \n            <img fetchpriority=\"high\" decoding=\"async\" width=\"1340\" height=\"710\" src=\"https:\/\/yeargedernegi.org\/wp-content\/uploads\/2025\/11\/image14a_vizyon-e1763621110271.png\" class=\"aux-attachment aux-featured-image aux-attachment-id-303\" alt=\"image14a_vizyon\" data-ratio=\"1.89\" data-original-w=\"1340\" \/>            \n                <\/div>\n    <\/div>\n\n<\/section><!-- widget-container -->\t\t\t\t<\/div>\n\t\t\t\t<\/div>\n\t\t\t\t\t<\/div>\n\t\t\t\t<\/div>\n\t\t<div class=\"aux-parallax-section elementor-element elementor-element-541b6b18 e-flex e-con-boxed e-con e-parent\" data-id=\"541b6b18\" data-element_type=\"container\" data-e-type=\"container\">\n\t\t\t\t\t<div class=\"e-con-inner\">\n\t\t\t\t<div class=\"elementor-element elementor-element-2deab248 elementor-widget elementor-widget-text-editor\" data-id=\"2deab248\" data-element_type=\"widget\" data-e-type=\"widget\" data-widget_type=\"text-editor.default\">\n\t\t\t\t<div class=\"elementor-widget-container\">\n\t\t\t\t\t\t\t\t\t\n<p>The vision of the Innovative Education Research and Development Association (YEAR-GE) is to develop a dynamic and inclusive society where innovation, education, culture and entrepreneurship develop harmoniously.<\/p>\n\n\n\n<p>By developing and implementing projects and activities encompassing education, culture, the environment, tourism, health, youth, sports, entrepreneurship, and social issues, we aim to empower our target groups to become not only productive but also visionary leaders. Our vision is for individuals to not only contribute to shaping the economic, cultural, and social environment but also actively engage in work that benefits society.<\/p>\n\t\t\t\t\t\t\t\t<\/div>\n\t\t\t\t<\/div>\n\t\t\t\t\t<\/div>\n\t\t\t\t<\/div>\n\t\t\t\t<\/div>","protected":false},"excerpt":{"rendered":"<p>Yenilik\u00e7i E\u011fitim Ara\u015ft\u0131rma ve Geli\u015ftirme Derne\u011fi (YEAR-GE)&#8217;nin vizyonu, yenilik\u00e7ilik, e\u011fitim, k\u00fclt\u00fcr ve giri\u015fimcili\u011fin uyumlu bir \u015fekilde geli\u015fti\u011fi dinamik ve kapsay\u0131c\u0131 bir toplum geli\u015ftirmektir. E\u011fitim, k\u00fclt\u00fcr, \u00e7evre, turizm, sa\u011fl\u0131k, gen\u00e7lik, spor, giri\u015fimcilik ve sosyal konular\u0131n\u0131 kapsayan proje ve faaliyetler geli\u015ftirerek ve uygulayarak, hedef gruplar\u0131m\u0131z\u0131 yaln\u0131zca \u00fcretken de\u011fil ayn\u0131 zamanda vizyoner liderler olmalar\u0131 i\u00e7in g\u00fc\u00e7lendirmeyi ama\u00e7l\u0131yoruz. Vizyonumuz, [&hellip;]<\/p>","protected":false},"author":1,"featured_media":303,"parent":0,"menu_order":0,"comment_status":"closed","ping_status":"closed","template":"","meta":{"footnotes":""},"class_list":["post-306","page","type-page","status-publish","has-post-thumbnail","hentry"],"_hostinger_reach_plugin_has_subscription_block":false,"_hostinger_reach_plugin_is_elementor":false,"_links":{"self":[{"href":"https:\/\/yeargedernegi.org\/en\/wp-json\/wp\/v2\/pages\/306","targetHints":{"allow":["GET"]}}],"collection":[{"href":"https:\/\/yeargedernegi.org\/en\/wp-json\/wp\/v2\/pages"}],"about":[{"href":"https:\/\/yeargedernegi.org\/en\/wp-json\/wp\/v2\/types\/page"}],"author":[{"embeddable":true,"href":"https:\/\/yeargedernegi.org\/en\/wp-json\/wp\/v2\/users\/1"}],"replies":[{"embeddable":true,"href":"https:\/\/yeargedernegi.org\/en\/wp-json\/wp\/v2\/comments?post=306"}],"version-history":[{"count":7,"href":"https:\/\/yeargedernegi.org\/en\/wp-json\/wp\/v2\/pages\/306\/revisions"}],"predecessor-version":[{"id":313,"href":"https:\/\/yeargedernegi.org\/en\/wp-json\/wp\/v2\/pages\/306\/revisions\/313"}],"wp:featuredmedia":[{"embeddable":true,"href":"https:\/\/yeargedernegi.org\/en\/wp-json\/wp\/v2\/media\/303"}],"wp:attachment":[{"href":"https:\/\/yeargedernegi.org\/en\/wp-json\/wp\/v2\/media?parent=306"}],"curies":[{"name":"wp","href":"https:\/\/api.w.org\/{rel}","templated":true}]}}