{"id":322,"date":"2025-11-20T07:21:22","date_gmt":"2025-11-20T07:21:22","guid":{"rendered":"https:\/\/yeargedernegi.org\/?page_id=322"},"modified":"2025-11-20T14:19:49","modified_gmt":"2025-11-20T14:19:49","slug":"tuzuk","status":"publish","type":"page","link":"https:\/\/yeargedernegi.org\/en\/tuzuk\/","title":{"rendered":"Regulations"},"content":{"rendered":"<div data-elementor-type=\"wp-page\" data-elementor-id=\"322\" class=\"elementor elementor-322\">\n\t\t\t\t<div class=\"aux-parallax-section elementor-element elementor-element-375677c e-flex e-con-boxed e-con e-parent\" data-id=\"375677c\" data-element_type=\"container\" data-e-type=\"container\">\n\t\t\t\t\t<div class=\"e-con-inner\">\n\t\t\t\t<div class=\"elementor-element elementor-element-86d2290 elementor-widget elementor-widget-aux_image\" data-id=\"86d2290\" data-element_type=\"widget\" data-e-type=\"widget\" data-widget_type=\"aux_image.default\">\n\t\t\t\t<div class=\"elementor-widget-container\">\n\t\t\t\t\t<section class=\"widget-container aux-widget-image aux-alignnone aux-parent-aub2a2e009\">\n    <div class=\"aux-media-hint-frame\">\n        <div class=\"aux-media-image\" >\n        \n            \n\n            \n            <img fetchpriority=\"high\" decoding=\"async\" width=\"1350\" height=\"893\" src=\"https:\/\/yeargedernegi.org\/wp-content\/uploads\/2025\/11\/image14c_tuzuk-e1763623350251.png\" class=\"aux-attachment aux-featured-image aux-attachment-id-323\" alt=\"image14c_tuzuk\" data-ratio=\"1.51\" data-original-w=\"1350\" \/>            \n                <\/div>\n    <\/div>\n\n<\/section><!-- widget-container -->\t\t\t\t<\/div>\n\t\t\t\t<\/div>\n\t\t\t\t\t<\/div>\n\t\t\t\t<\/div>\n\t\t<div class=\"aux-parallax-section elementor-element elementor-element-541b6b18 e-flex e-con-boxed e-con e-parent\" data-id=\"541b6b18\" data-element_type=\"container\" data-e-type=\"container\">\n\t\t\t\t\t<div class=\"e-con-inner\">\n\t\t\t\t<div class=\"elementor-element elementor-element-2deab248 elementor-widget elementor-widget-text-editor\" data-id=\"2deab248\" data-element_type=\"widget\" data-e-type=\"widget\" data-widget_type=\"text-editor.default\">\n\t\t\t\t<div class=\"elementor-widget-container\">\n\t\t\t\t\t\t\t\t\t\n<p>You can access the charter of our association in PDF format from this section of our website.<\/p>\n<p>Regulation Google Drive link: <a href=\"https:\/\/tinyurl.com\/4eskufzu\">https:\/\/tinyurl.com\/4eskufzu<\/a><\/p>\n<p>Innovative Education Research and Development Association (YEAR-GE) Regulations <strong>(Flipbook format)<\/strong><\/p>\n<p><a href=\"https:\/\/heyzine.com\/flip-book\/20f9e75f2f.html\">https:\/\/heyzine.com\/flip-book\/20f9e75f2f.html<\/a><\/p>\n\t\t\t\t\t\t\t\t<\/div>\n\t\t\t\t<\/div>\n\t\t\t\t\t<\/div>\n\t\t\t\t<\/div>\n\t\t<div class=\"aux-parallax-section elementor-element elementor-element-94a3e0c e-flex e-con-boxed e-con e-parent\" data-id=\"94a3e0c\" data-element_type=\"container\" data-e-type=\"container\">\n\t\t\t\t\t<div class=\"e-con-inner\">\n\t\t\t\t<div class=\"elementor-element elementor-element-cc2998f elementor-widget elementor-widget-html\" data-id=\"cc2998f\" data-element_type=\"widget\" data-e-type=\"widget\" data-widget_type=\"html.default\">\n\t\t\t\t<div class=\"elementor-widget-container\">\n\t\t\t\t\t<iframe allowfullscreen=\"allowfullscreen\" allow=\"clipboard-write\" scrolling=\"no\" class=\"fp-iframe\" style=\"border: 1px solid lightgray; width: 100%; height: 400px;\" src=\"https:\/\/heyzine.com\/flip-book\/20f9e75f2f.html\"><\/iframe> \t\t\t\t<\/div>\n\t\t\t\t<\/div>\n\t\t\t\t\t<\/div>\n\t\t\t\t<\/div>\n\t\t\t\t<\/div>","protected":false},"excerpt":{"rendered":"<p>Derne\u011fimizin t\u00fcz\u00fc\u011f\u00fcne web sitemizin bu b\u00f6l\u00fcm\u00fcnden PDF format\u0131nda ula\u015fabilirsiniz. T\u00fcz\u00fck Google Drive linki: https:\/\/tinyurl.com\/4eskufzu Yenilik\u00e7i E\u011fitim Ara\u015ft\u0131rma ve Geli\u015ftirme Derne\u011fi (YEAR-GE) T\u00fcz\u00fc\u011f\u00fc (Flipbook format\u0131nda) https:\/\/heyzine.com\/flip-book\/20f9e75f2f.html<\/p>","protected":false},"author":1,"featured_media":303,"parent":0,"menu_order":0,"comment_status":"closed","ping_status":"closed","template":"","meta":{"footnotes":""},"class_list":["post-322","page","type-page","status-publish","has-post-thumbnail","hentry"],"_hostinger_reach_plugin_has_subscription_block":false,"_hostinger_reach_plugin_is_elementor":false,"_links":{"self":[{"href":"https:\/\/yeargedernegi.org\/en\/wp-json\/wp\/v2\/pages\/322","targetHints":{"allow":["GET"]}}],"collection":[{"href":"https:\/\/yeargedernegi.org\/en\/wp-json\/wp\/v2\/pages"}],"about":[{"href":"https:\/\/yeargedernegi.org\/en\/wp-json\/wp\/v2\/types\/page"}],"author":[{"embeddable":true,"href":"https:\/\/yeargedernegi.org\/en\/wp-json\/wp\/v2\/users\/1"}],"replies":[{"embeddable":true,"href":"https:\/\/yeargedernegi.org\/en\/wp-json\/wp\/v2\/comments?post=322"}],"version-history":[{"count":4,"href":"https:\/\/yeargedernegi.org\/en\/wp-json\/wp\/v2\/pages\/322\/revisions"}],"predecessor-version":[{"id":327,"href":"https:\/\/yeargedernegi.org\/en\/wp-json\/wp\/v2\/pages\/322\/revisions\/327"}],"wp:featuredmedia":[{"embeddable":true,"href":"https:\/\/yeargedernegi.org\/en\/wp-json\/wp\/v2\/media\/303"}],"wp:attachment":[{"href":"https:\/\/yeargedernegi.org\/en\/wp-json\/wp\/v2\/media?parent=322"}],"curies":[{"name":"wp","href":"https:\/\/api.w.org\/{rel}","templated":true}]}}