{"id":328,"date":"2025-11-20T07:25:45","date_gmt":"2025-11-20T07:25:45","guid":{"rendered":"https:\/\/yeargedernegi.org\/?page_id=328"},"modified":"2025-11-20T14:24:15","modified_gmt":"2025-11-20T14:24:15","slug":"yonetim-kurulu","status":"publish","type":"page","link":"https:\/\/yeargedernegi.org\/en\/yonetim-kurulu\/","title":{"rendered":"Board of Directors"},"content":{"rendered":"<div data-elementor-type=\"wp-page\" data-elementor-id=\"328\" class=\"elementor elementor-328\">\n\t\t\t\t<div class=\"aux-parallax-section elementor-element elementor-element-3828b25 e-flex e-con-boxed e-con e-parent\" data-id=\"3828b25\" data-element_type=\"container\" data-e-type=\"container\">\n\t\t\t\t\t<div class=\"e-con-inner\">\n\t\t\t\t<div class=\"elementor-element elementor-element-510c6be elementor-widget elementor-widget-aux_image\" data-id=\"510c6be\" data-element_type=\"widget\" data-e-type=\"widget\" data-widget_type=\"aux_image.default\">\n\t\t\t\t<div class=\"elementor-widget-container\">\n\t\t\t\t\t<section class=\"widget-container aux-widget-image aux-alignnone aux-parent-au4b68411e\">\n    <div class=\"aux-media-hint-frame\">\n        <div class=\"aux-media-image\" >\n        \n            \n\n            \n            <img fetchpriority=\"high\" decoding=\"async\" width=\"1350\" height=\"893\" src=\"https:\/\/yeargedernegi.org\/wp-content\/uploads\/2025\/11\/image15_yonetim-kurulu-e1763623601145.png\" class=\"aux-attachment aux-featured-image aux-attachment-id-330\" alt=\"image15_yonetim kurulu\" data-ratio=\"1.51\" data-original-w=\"1350\" \/>            \n                <\/div>\n    <\/div>\n\n<\/section><!-- widget-container -->\t\t\t\t<\/div>\n\t\t\t\t<\/div>\n\t\t\t\t\t<\/div>\n\t\t\t\t<\/div>\n\t\t<div class=\"aux-parallax-section elementor-element elementor-element-74254af5 e-flex e-con-boxed e-con e-parent\" data-id=\"74254af5\" data-element_type=\"container\" data-e-type=\"container\">\n\t\t\t\t\t<div class=\"e-con-inner\">\n\t\t\t\t<div class=\"elementor-element elementor-element-23ba58a6 elementor-widget elementor-widget-text-editor\" data-id=\"23ba58a6\" data-element_type=\"widget\" data-e-type=\"widget\" data-widget_type=\"text-editor.default\">\n\t\t\t\t<div class=\"elementor-widget-container\">\n\t\t\t\t\t\t\t\t\t\n<p>Board of Directors of the Innovative Education Research and Development Association<\/p>\n<ul>\n<li>Serap KIRDAR KUZ\u00d6REN \u2013 Chairperson of the Board of Directors<\/li>\n<li>Yal\u00e7\u0131n KUZ\u00d6REN \u2013 Vice Chairman of the Board of Directors<\/li>\n<li>G\u00fclnur VARLI \u2013 Full Member of the Board of Directors<\/li>\n<li>Ferhat TEKE\u015e \u2013 Full Member of the Board of Directors<\/li>\n<li>Serkan VARLI \u2013 Full Member of the Board of Directors<\/li>\n<li>Sonay A\u00c7IK \u2013 Full Member of the Board of Directors<\/li>\n<li>Faruk S\u0130N\u0130K \u2013 Full Member of the Board of Directors<\/li>\n<\/ul>\n\t\t\t\t\t\t\t\t<\/div>\n\t\t\t\t<\/div>\n\t\t\t\t\t<\/div>\n\t\t\t\t<\/div>\n\t\t<div class=\"aux-parallax-section elementor-element elementor-element-0789073 e-flex e-con-boxed e-con e-parent\" data-id=\"0789073\" data-element_type=\"container\" data-e-type=\"container\">\n\t\t\t\t\t<div class=\"e-con-inner\">\n\t\t\t\t\t<\/div>\n\t\t\t\t<\/div>\n\t\t\t\t<\/div>","protected":false},"excerpt":{"rendered":"<p>Yenilik\u00e7i E\u011fitim Ara\u015ft\u0131rma ve Geli\u015ftirme Derne\u011finin Y\u00f6netim Kurulu Serap KIRDAR KUZ\u00d6REN \u2013 Y\u00f6netim Kurulu Ba\u015fkan\u0131 Yal\u00e7\u0131n KUZ\u00d6REN \u2013 Y\u00f6netim Kurulu Ba\u015fkan Yard\u0131mc\u0131s\u0131 G\u00fclnur VARLI \u2013 Y\u00f6netim Kurulu Asil \u00dcyesi Ferhat TEKE\u015e \u2013 Y\u00f6netim Kurulu Asil \u00dcyesi Serkan VARLI \u2013 Y\u00f6netim Kurulu Asil \u00dcyesi Sonay A\u00c7IK \u2013 Y\u00f6netim Kurulu Asil \u00dcyesi Faruk S\u0130N\u0130K \u2013 Y\u00f6netim Kurulu [&hellip;]<\/p>","protected":false},"author":1,"featured_media":0,"parent":0,"menu_order":0,"comment_status":"closed","ping_status":"closed","template":"","meta":{"footnotes":""},"class_list":["post-328","page","type-page","status-publish","hentry"],"_hostinger_reach_plugin_has_subscription_block":false,"_hostinger_reach_plugin_is_elementor":false,"_links":{"self":[{"href":"https:\/\/yeargedernegi.org\/en\/wp-json\/wp\/v2\/pages\/328","targetHints":{"allow":["GET"]}}],"collection":[{"href":"https:\/\/yeargedernegi.org\/en\/wp-json\/wp\/v2\/pages"}],"about":[{"href":"https:\/\/yeargedernegi.org\/en\/wp-json\/wp\/v2\/types\/page"}],"author":[{"embeddable":true,"href":"https:\/\/yeargedernegi.org\/en\/wp-json\/wp\/v2\/users\/1"}],"replies":[{"embeddable":true,"href":"https:\/\/yeargedernegi.org\/en\/wp-json\/wp\/v2\/comments?post=328"}],"version-history":[{"count":7,"href":"https:\/\/yeargedernegi.org\/en\/wp-json\/wp\/v2\/pages\/328\/revisions"}],"predecessor-version":[{"id":510,"href":"https:\/\/yeargedernegi.org\/en\/wp-json\/wp\/v2\/pages\/328\/revisions\/510"}],"wp:attachment":[{"href":"https:\/\/yeargedernegi.org\/en\/wp-json\/wp\/v2\/media?parent=328"}],"curies":[{"name":"wp","href":"https:\/\/api.w.org\/{rel}","templated":true}]}}