{"id":334,"date":"2025-11-20T07:27:39","date_gmt":"2025-11-20T07:27:39","guid":{"rendered":"https:\/\/yeargedernegi.org\/?page_id=334"},"modified":"2025-11-20T14:24:27","modified_gmt":"2025-11-20T14:24:27","slug":"baskandan-mektup","status":"publish","type":"page","link":"https:\/\/yeargedernegi.org\/en\/baskandan-mektup\/","title":{"rendered":"Letter from the President"},"content":{"rendered":"<div data-elementor-type=\"wp-page\" data-elementor-id=\"334\" class=\"elementor elementor-334\">\n\t\t\t\t<div class=\"aux-parallax-section elementor-element elementor-element-3828b25 e-flex e-con-boxed e-con e-parent\" data-id=\"3828b25\" data-element_type=\"container\" data-e-type=\"container\">\n\t\t\t\t\t<div class=\"e-con-inner\">\n\t\t\t\t<div class=\"elementor-element elementor-element-510c6be elementor-widget elementor-widget-aux_image\" data-id=\"510c6be\" data-element_type=\"widget\" data-e-type=\"widget\" data-widget_type=\"aux_image.default\">\n\t\t\t\t<div class=\"elementor-widget-container\">\n\t\t\t\t\t<section class=\"widget-container aux-widget-image aux-alignnone aux-parent-aucddff51e\">\n    <div class=\"aux-media-hint-frame\">\n        <div class=\"aux-media-image\" >\n        \n            \n\n            \n            <img fetchpriority=\"high\" decoding=\"async\" width=\"1350\" height=\"887\" src=\"https:\/\/yeargedernegi.org\/wp-content\/uploads\/2025\/11\/image16_Baskandan_mektup-e1763623723977.png\" class=\"aux-attachment aux-featured-image aux-attachment-id-336\" alt=\"image16_Baskandan_mektup\" data-ratio=\"1.52\" data-original-w=\"1350\" \/>            \n                <\/div>\n    <\/div>\n\n<\/section><!-- widget-container -->\t\t\t\t<\/div>\n\t\t\t\t<\/div>\n\t\t\t\t\t<\/div>\n\t\t\t\t<\/div>\n\t\t<div class=\"aux-parallax-section elementor-element elementor-element-74254af5 e-flex e-con-boxed e-con e-parent\" data-id=\"74254af5\" data-element_type=\"container\" data-e-type=\"container\">\n\t\t\t\t\t<div class=\"e-con-inner\">\n\t\t\t\t<div class=\"elementor-element elementor-element-23ba58a6 elementor-widget elementor-widget-text-editor\" data-id=\"23ba58a6\" data-element_type=\"widget\" data-e-type=\"widget\" data-widget_type=\"text-editor.default\">\n\t\t\t\t<div class=\"elementor-widget-container\">\n\t\t\t\t\t\t\t\t\t\n<p>Dear visitors,<\/p>\n<p>As the Innovative Education Research and Development Association (YEAR-GE), we are delighted to welcome you to our website.; <strong>supporting innovative educational practices<\/strong>, <strong>sustaining cultural diversity<\/strong>, <strong>centered on social development<\/strong> continues its activities with an understanding.<\/p>\n<p>We carry out studies at national and international levels to strengthen equal opportunities in education, to contribute to the adaptation of young people and adults to the global world, and to make educational environments more qualified.<\/p>\n<p>Especially <strong>Erasmus+ program<\/strong> It takes an active role in European Union projects, especially for students, educators, young people and adults. <strong>mobilities, training programmes, training courses, youth exchanges, workshops, intercultural experiences<\/strong> And <strong>collaborative partnership projects<\/strong> Through these projects, we aim to create sustainable impact both locally and globally.<\/p>\n<p>As YEAR-GE;<\/p>\n<p><strong>Educational institutions, non-governmental organizations, local governments, public institutions, international organizations and academic institutions <\/strong>I would like to emphasize our readiness to establish strong and sustainable partnerships with. Every project we develop together will be a valuable investment in the future of our society.<\/p>\n<p>With our approach that encourages innovation in education, offers opportunities for all age groups, and prioritizes shared production, we aim to be a structure that not only adapts to the changing world but also drives change.<\/p>\n<p>You can find a wide range of content, including news about our ongoing projects, collaboration opportunities, events, and application announcements, on our website and social media accounts. I invite you to join us on this journey, create together, and create impactful projects.<\/p>\n<p>\u00a0<\/p>\n<p>Kind regards,<\/p>\n<p><strong>Serap KIRDAR KUZ\u00d6REN<\/strong><\/p>\n<p><strong>Chairman of the Board of Directors of the YEAR-GE Association<\/strong><\/p>\n\t\t\t\t\t\t\t\t<\/div>\n\t\t\t\t<\/div>\n\t\t\t\t\t<\/div>\n\t\t\t\t<\/div>\n\t\t<div class=\"aux-parallax-section elementor-element elementor-element-0789073 e-flex e-con-boxed e-con e-parent\" data-id=\"0789073\" data-element_type=\"container\" data-e-type=\"container\">\n\t\t\t\t\t<div class=\"e-con-inner\">\n\t\t\t\t\t<\/div>\n\t\t\t\t<\/div>\n\t\t\t\t<\/div>","protected":false},"excerpt":{"rendered":"<p>De\u011ferli ziyaret\u00e7iler, Yenilik\u00e7i E\u011fitim Ara\u015ft\u0131rma ve Geli\u015ftirme Derne\u011fi (YEAR-GE) olarak sizleri web sitemizde a\u011f\u0131rlamaktan b\u00fcy\u00fck mutluluk duyuyoruz. Derne\u011fimiz; yenilik\u00e7i e\u011fitim uygulamalar\u0131n\u0131 destekleyen, k\u00fclt\u00fcrel \u00e7e\u015fitlili\u011fi ya\u015fatan, toplumsal geli\u015fimi merkeze alan bir anlay\u0131\u015fla faaliyetlerini s\u00fcrd\u00fcrmektedir. E\u011fitimde f\u0131rsat e\u015fitli\u011fini g\u00fc\u00e7lendirmek, gen\u00e7lerin ve yeti\u015fkinlerin k\u00fcresel d\u00fcnyaya uyum sa\u011flamas\u0131na katk\u0131 sunmak ve e\u011fitim ortamlar\u0131n\u0131 daha nitelikli h\u00e2le getirmek amac\u0131yla ulusal [&hellip;]<\/p>","protected":false},"author":1,"featured_media":0,"parent":0,"menu_order":0,"comment_status":"closed","ping_status":"closed","template":"","meta":{"footnotes":""},"class_list":["post-334","page","type-page","status-publish","hentry"],"_hostinger_reach_plugin_has_subscription_block":false,"_hostinger_reach_plugin_is_elementor":false,"_links":{"self":[{"href":"https:\/\/yeargedernegi.org\/en\/wp-json\/wp\/v2\/pages\/334","targetHints":{"allow":["GET"]}}],"collection":[{"href":"https:\/\/yeargedernegi.org\/en\/wp-json\/wp\/v2\/pages"}],"about":[{"href":"https:\/\/yeargedernegi.org\/en\/wp-json\/wp\/v2\/types\/page"}],"author":[{"embeddable":true,"href":"https:\/\/yeargedernegi.org\/en\/wp-json\/wp\/v2\/users\/1"}],"replies":[{"embeddable":true,"href":"https:\/\/yeargedernegi.org\/en\/wp-json\/wp\/v2\/comments?post=334"}],"version-history":[{"count":7,"href":"https:\/\/yeargedernegi.org\/en\/wp-json\/wp\/v2\/pages\/334\/revisions"}],"predecessor-version":[{"id":513,"href":"https:\/\/yeargedernegi.org\/en\/wp-json\/wp\/v2\/pages\/334\/revisions\/513"}],"wp:attachment":[{"href":"https:\/\/yeargedernegi.org\/en\/wp-json\/wp\/v2\/media?parent=334"}],"curies":[{"name":"wp","href":"https:\/\/api.w.org\/{rel}","templated":true}]}}