{"id":340,"date":"2025-11-20T07:32:14","date_gmt":"2025-11-20T07:32:14","guid":{"rendered":"https:\/\/yeargedernegi.org\/?page_id=340"},"modified":"2025-11-20T14:20:21","modified_gmt":"2025-11-20T14:20:21","slug":"calisma-alanlarimiz","status":"publish","type":"page","link":"https:\/\/yeargedernegi.org\/en\/calisma-alanlarimiz\/","title":{"rendered":"Our Working Areas"},"content":{"rendered":"<div data-elementor-type=\"wp-page\" data-elementor-id=\"340\" class=\"elementor elementor-340\">\n\t\t\t\t<div class=\"aux-parallax-section elementor-element elementor-element-3828b25 e-flex e-con-boxed e-con e-parent\" data-id=\"3828b25\" data-element_type=\"container\" data-e-type=\"container\">\n\t\t\t\t\t<div class=\"e-con-inner\">\n\t\t\t\t<div class=\"elementor-element elementor-element-510c6be elementor-widget elementor-widget-aux_image\" data-id=\"510c6be\" data-element_type=\"widget\" data-e-type=\"widget\" data-widget_type=\"aux_image.default\">\n\t\t\t\t<div class=\"elementor-widget-container\">\n\t\t\t\t\t<section class=\"widget-container aux-widget-image aux-alignnone aux-parent-au5c2e99d5\">\n    <div class=\"aux-media-hint-frame\">\n        <div class=\"aux-media-image\" >\n        \n            \n\n            \n            <img fetchpriority=\"high\" decoding=\"async\" width=\"1350\" height=\"896\" src=\"https:\/\/yeargedernegi.org\/wp-content\/uploads\/2025\/11\/image17_Calisma_alanlari-e1763623831247.png\" class=\"aux-attachment aux-featured-image aux-attachment-id-341\" alt=\"image17_Calisma_alanlari\" data-ratio=\"1.51\" data-original-w=\"1350\" \/>            \n                <\/div>\n    <\/div>\n\n<\/section><!-- widget-container -->\t\t\t\t<\/div>\n\t\t\t\t<\/div>\n\t\t\t\t\t<\/div>\n\t\t\t\t<\/div>\n\t\t<div class=\"aux-parallax-section elementor-element elementor-element-74254af5 e-flex e-con-boxed e-con e-parent\" data-id=\"74254af5\" data-element_type=\"container\" data-e-type=\"container\">\n\t\t\t\t\t<div class=\"e-con-inner\">\n\t\t\t\t<div class=\"elementor-element elementor-element-23ba58a6 elementor-widget elementor-widget-text-editor\" data-id=\"23ba58a6\" data-element_type=\"widget\" data-e-type=\"widget\" data-widget_type=\"text-editor.default\">\n\t\t\t\t<div class=\"elementor-widget-container\">\n\t\t\t\t\t\t\t\t\t\n<p>Our association operates in a wide range of areas, from education and innovative teaching methods to culture, arts and social cooperation, from youth work and social inclusion to environmental and climate change awareness, from entrepreneurship and digital competencies to the development and implementation of Erasmus+ projects.<\/p>\n<ul>\n<li>Education and innovative teaching methods<\/li>\n<li>Culture, art and social cooperation<\/li>\n<li>Youth work and social inclusion<\/li>\n<li>Environmental and climate change awareness<\/li>\n<li>Entrepreneurship and digital competencies<\/li>\n<li>Developing and implementing Erasmus+ projects<\/li>\n<\/ul>\n\t\t\t\t\t\t\t\t<\/div>\n\t\t\t\t<\/div>\n\t\t\t\t\t<\/div>\n\t\t\t\t<\/div>\n\t\t<div class=\"aux-parallax-section elementor-element elementor-element-0789073 e-flex e-con-boxed e-con e-parent\" data-id=\"0789073\" data-element_type=\"container\" data-e-type=\"container\">\n\t\t\t\t\t<div class=\"e-con-inner\">\n\t\t\t\t\t<\/div>\n\t\t\t\t<\/div>\n\t\t\t\t<\/div>","protected":false},"excerpt":{"rendered":"<p>Derne\u011fimiz; e\u011fitim ve yenilik\u00e7i \u00f6\u011fretim y\u00f6ntemlerinden k\u00fclt\u00fcr, sanat ve toplumsal i\u015fbirli\u011fine, gen\u00e7lik \u00e7al\u0131\u015fmalar\u0131 ve sosyal i\u00e7ermeden \u00e7evre ve iklim de\u011fi\u015fikli\u011fi bilincine, giri\u015fimcilik ve dijital yetkinliklerden Erasmus+ projelerinin geli\u015ftirilmesi ve uygulanmas\u0131na kadar geni\u015f bir alanda faaliyet g\u00f6stermektedir. E\u011fitim ve yenilik\u00e7i \u00f6\u011fretim y\u00f6ntemleri K\u00fclt\u00fcr, sanat ve toplumsal i\u015fbirli\u011fi Gen\u00e7lik \u00e7al\u0131\u015fmalar\u0131 ve sosyal i\u00e7erme \u00c7evre ve iklim de\u011fi\u015fikli\u011fi [&hellip;]<\/p>","protected":false},"author":1,"featured_media":0,"parent":0,"menu_order":0,"comment_status":"closed","ping_status":"closed","template":"","meta":{"footnotes":""},"class_list":["post-340","page","type-page","status-publish","hentry"],"_hostinger_reach_plugin_has_subscription_block":false,"_hostinger_reach_plugin_is_elementor":false,"_links":{"self":[{"href":"https:\/\/yeargedernegi.org\/en\/wp-json\/wp\/v2\/pages\/340","targetHints":{"allow":["GET"]}}],"collection":[{"href":"https:\/\/yeargedernegi.org\/en\/wp-json\/wp\/v2\/pages"}],"about":[{"href":"https:\/\/yeargedernegi.org\/en\/wp-json\/wp\/v2\/types\/page"}],"author":[{"embeddable":true,"href":"https:\/\/yeargedernegi.org\/en\/wp-json\/wp\/v2\/users\/1"}],"replies":[{"embeddable":true,"href":"https:\/\/yeargedernegi.org\/en\/wp-json\/wp\/v2\/comments?post=340"}],"version-history":[{"count":4,"href":"https:\/\/yeargedernegi.org\/en\/wp-json\/wp\/v2\/pages\/340\/revisions"}],"predecessor-version":[{"id":345,"href":"https:\/\/yeargedernegi.org\/en\/wp-json\/wp\/v2\/pages\/340\/revisions\/345"}],"wp:attachment":[{"href":"https:\/\/yeargedernegi.org\/en\/wp-json\/wp\/v2\/media?parent=340"}],"curies":[{"name":"wp","href":"https:\/\/api.w.org\/{rel}","templated":true}]}}