{"id":347,"date":"2025-11-20T07:34:29","date_gmt":"2025-11-20T07:34:29","guid":{"rendered":"https:\/\/yeargedernegi.org\/?page_id=347"},"modified":"2025-11-20T14:20:29","modified_gmt":"2025-11-20T14:20:29","slug":"faaliyetlerimiz","status":"publish","type":"page","link":"https:\/\/yeargedernegi.org\/en\/faaliyetlerimiz\/","title":{"rendered":"Our activities"},"content":{"rendered":"<div data-elementor-type=\"wp-page\" data-elementor-id=\"347\" class=\"elementor elementor-347\">\n\t\t\t\t<div class=\"aux-parallax-section elementor-element elementor-element-3828b25 e-flex e-con-boxed e-con e-parent\" data-id=\"3828b25\" data-element_type=\"container\" data-e-type=\"container\">\n\t\t\t\t\t<div class=\"e-con-inner\">\n\t\t\t\t<div class=\"elementor-element elementor-element-510c6be elementor-widget elementor-widget-aux_image\" data-id=\"510c6be\" data-element_type=\"widget\" data-e-type=\"widget\" data-widget_type=\"aux_image.default\">\n\t\t\t\t<div class=\"elementor-widget-container\">\n\t\t\t\t\t<section class=\"widget-container aux-widget-image aux-alignnone aux-parent-auc4d3b5ec\">\n    <div class=\"aux-media-hint-frame\">\n        <div class=\"aux-media-image\" >\n        \n            \n\n            \n            <img fetchpriority=\"high\" decoding=\"async\" width=\"1350\" height=\"890\" src=\"https:\/\/yeargedernegi.org\/wp-content\/uploads\/2025\/11\/image18_Faaliyetler-e1763624134320.png\" class=\"aux-attachment aux-featured-image aux-attachment-id-349\" alt=\"image18_Faaliyetler\" data-ratio=\"1.52\" data-original-w=\"1350\" \/>            \n                <\/div>\n    <\/div>\n\n<\/section><!-- widget-container -->\t\t\t\t<\/div>\n\t\t\t\t<\/div>\n\t\t\t\t\t<\/div>\n\t\t\t\t<\/div>\n\t\t<div class=\"aux-parallax-section elementor-element elementor-element-74254af5 e-flex e-con-boxed e-con e-parent\" data-id=\"74254af5\" data-element_type=\"container\" data-e-type=\"container\">\n\t\t\t\t\t<div class=\"e-con-inner\">\n\t\t\t\t<div class=\"elementor-element elementor-element-23ba58a6 elementor-widget elementor-widget-text-editor\" data-id=\"23ba58a6\" data-element_type=\"widget\" data-e-type=\"widget\" data-widget_type=\"text-editor.default\">\n\t\t\t\t<div class=\"elementor-widget-container\">\n\t\t\t\t\t\t\t\t\t\n<p>The primary goal of the YEAR-GE Association is to transform its target groups (students, educators, youth, and adult learners) into productive and active citizens and to increase their participation in the economic, cultural, and social life of society. The organization works to fulfill its mission and achieve its goals by developing and implementing projects funded by local, regional, national, and international institutions and organizations.<\/p>\n<p><strong>\u00a0<\/strong><\/p>\n<p><strong>YEAR-GE&#039;s focus is on 10 key areas and activities:<\/strong><\/p>\n<ol>\n<li><strong>Professional educators: <\/strong>To professionally develop educators as agents of social and cultural inclusion by adapting new trends, digital content, and innovative methods in education.<\/li>\n<li><strong>Environmental protection: <\/strong>Taking action to protect nature at local, national and international levels in order to preserve the environment and marine life and to combat climate change and its effects.<\/li>\n<li><strong>Inclusion: <\/strong>Strengthening and promoting equality and social inclusion for people from disadvantaged backgrounds and those with fewer opportunities.<\/li>\n<li><strong>Volunteer activities: <\/strong>To encourage public participation in volunteer activities and projects at local and international levels, and to promote active involvement in civil society.<\/li>\n<li><strong>Tour organization: <\/strong>Organizing academic, cultural, and tourist trips to broaden the horizons and broaden the perspectives of individuals seeking to improve and change their viewpoints.<\/li>\n<li><strong>Formal and non-formal education: <\/strong>Developing formal and informal education on intercultural dialogue and solidarity.<\/li>\n<li><strong>Equal opportunities: Creating\/supporting equal opportunities for all individuals, especially those at risk of exclusion.<\/strong><\/li>\n<li><strong>Studying Abroad: <\/strong>Providing consultancy services to students who wish to study abroad, advising them on academic information and available opportunities.<\/li>\n<li><strong>Cultural and artistic activities: <\/strong>Supporting cultural and artistic activities to encourage the expression of social commitment and active contribution to quality of life.<\/li>\n<li><strong>Making access easier: <\/strong>Promoting equal opportunities for everyone, especially those at risk of exclusion.<\/li>\n<\/ol>\n\t\t\t\t\t\t\t\t<\/div>\n\t\t\t\t<\/div>\n\t\t\t\t\t<\/div>\n\t\t\t\t<\/div>\n\t\t<div class=\"aux-parallax-section elementor-element elementor-element-0789073 e-flex e-con-boxed e-con e-parent\" data-id=\"0789073\" data-element_type=\"container\" data-e-type=\"container\">\n\t\t\t\t\t<div class=\"e-con-inner\">\n\t\t\t\t\t<\/div>\n\t\t\t\t<\/div>\n\t\t\t\t<\/div>","protected":false},"excerpt":{"rendered":"<p>YEAR-GE Derne\u011fi&#8217;nin temel amac\u0131, hedef gruplar\u0131 (\u00f6\u011frencileri, e\u011fitimcileri, gen\u00e7leri ve yeti\u015fkin \u00f6\u011frenicileri) \u00fcretken ve aktif vatanda\u015flara d\u00f6n\u00fc\u015ft\u00fcrmek ve hedef gruplar\u0131n toplumun ekonomik, k\u00fclt\u00fcrel ve sosyal hayat\u0131na kat\u0131l\u0131m\u0131n\u0131 art\u0131rmakt\u0131r. Kurulu\u015f, yerel, b\u00f6lgesel, ulusal ve uluslararas\u0131 kurum ve kurulu\u015flar taraf\u0131ndan finanse edilen projeler geli\u015ftirerek ve uygulayarak misyonunu ger\u00e7ekle\u015ftirmek ve ama\u00e7lar\u0131na ula\u015fmak i\u00e7in \u00e7al\u0131\u015fmaktad\u0131r. \u00a0 YEAR-GE&#8217;nin odakland\u0131\u011f\u0131 10 [&hellip;]<\/p>","protected":false},"author":1,"featured_media":0,"parent":0,"menu_order":0,"comment_status":"closed","ping_status":"closed","template":"","meta":{"footnotes":""},"class_list":["post-347","page","type-page","status-publish","hentry"],"_hostinger_reach_plugin_has_subscription_block":false,"_hostinger_reach_plugin_is_elementor":false,"_links":{"self":[{"href":"https:\/\/yeargedernegi.org\/en\/wp-json\/wp\/v2\/pages\/347","targetHints":{"allow":["GET"]}}],"collection":[{"href":"https:\/\/yeargedernegi.org\/en\/wp-json\/wp\/v2\/pages"}],"about":[{"href":"https:\/\/yeargedernegi.org\/en\/wp-json\/wp\/v2\/types\/page"}],"author":[{"embeddable":true,"href":"https:\/\/yeargedernegi.org\/en\/wp-json\/wp\/v2\/users\/1"}],"replies":[{"embeddable":true,"href":"https:\/\/yeargedernegi.org\/en\/wp-json\/wp\/v2\/comments?post=347"}],"version-history":[{"count":4,"href":"https:\/\/yeargedernegi.org\/en\/wp-json\/wp\/v2\/pages\/347\/revisions"}],"predecessor-version":[{"id":352,"href":"https:\/\/yeargedernegi.org\/en\/wp-json\/wp\/v2\/pages\/347\/revisions\/352"}],"wp:attachment":[{"href":"https:\/\/yeargedernegi.org\/en\/wp-json\/wp\/v2\/media?parent=347"}],"curies":[{"name":"wp","href":"https:\/\/api.w.org\/{rel}","templated":true}]}}