{"id":353,"date":"2025-11-20T07:38:04","date_gmt":"2025-11-20T07:38:04","guid":{"rendered":"https:\/\/yeargedernegi.org\/?page_id=353"},"modified":"2025-11-24T20:34:07","modified_gmt":"2025-11-24T20:34:07","slug":"tanitim-sunumlari","status":"publish","type":"page","link":"https:\/\/yeargedernegi.org\/en\/tanitim-sunumlari\/","title":{"rendered":"Promotional Presentations"},"content":{"rendered":"<div data-elementor-type=\"wp-page\" data-elementor-id=\"353\" class=\"elementor elementor-353\">\n\t\t\t\t<div class=\"aux-parallax-section elementor-element elementor-element-4c7b95d e-flex e-con-boxed e-con e-parent\" data-id=\"4c7b95d\" data-element_type=\"container\" data-e-type=\"container\">\n\t\t\t\t\t<div class=\"e-con-inner\">\n\t\t\t\t<div class=\"elementor-element elementor-element-67d19a8 elementor-widget elementor-widget-video\" data-id=\"67d19a8\" data-element_type=\"widget\" data-e-type=\"widget\" data-settings=\"{&quot;youtube_url&quot;:&quot;https:\\\/\\\/youtu.be\\\/3iOYqCjWcOg&quot;,&quot;video_type&quot;:&quot;youtube&quot;,&quot;controls&quot;:&quot;yes&quot;}\" data-widget_type=\"video.default\">\n\t\t\t\t<div class=\"elementor-widget-container\">\n\t\t\t\t\t\t\t<div class=\"elementor-wrapper elementor-open-inline\">\n\t\t\t<div class=\"elementor-video\"><\/div>\t\t<\/div>\n\t\t\t\t\t\t<\/div>\n\t\t\t\t<\/div>\n\t\t\t\t\t<\/div>\n\t\t\t\t<\/div>\n\t\t<div class=\"aux-parallax-section elementor-element elementor-element-3828b25 e-flex e-con-boxed e-con e-parent\" data-id=\"3828b25\" data-element_type=\"container\" data-e-type=\"container\">\n\t\t\t\t\t<div class=\"e-con-inner\">\n\t\t\t\t<div class=\"elementor-element elementor-element-510c6be elementor-widget elementor-widget-aux_image\" data-id=\"510c6be\" data-element_type=\"widget\" data-e-type=\"widget\" data-widget_type=\"aux_image.default\">\n\t\t\t\t<div class=\"elementor-widget-container\">\n\t\t\t\t\t<section class=\"widget-container aux-widget-image aux-alignnone aux-parent-au75f99277\">\n    <div class=\"aux-media-hint-frame\">\n        <div class=\"aux-media-image\" >\n        \n            \n\n            \n            <img fetchpriority=\"high\" decoding=\"async\" width=\"1350\" height=\"893\" src=\"https:\/\/yeargedernegi.org\/wp-content\/uploads\/2025\/11\/image19_sunu-e1763624674717.png\" class=\"aux-attachment aux-featured-image aux-attachment-id-355\" alt=\"image19_sunu\" data-ratio=\"1.51\" data-original-w=\"1350\" \/>            \n                <\/div>\n    <\/div>\n\n<\/section><!-- widget-container -->\t\t\t\t<\/div>\n\t\t\t\t<\/div>\n\t\t\t\t\t<\/div>\n\t\t\t\t<\/div>\n\t\t<div class=\"aux-parallax-section elementor-element elementor-element-74254af5 e-flex e-con-boxed e-con e-parent\" data-id=\"74254af5\" data-element_type=\"container\" data-e-type=\"container\">\n\t\t\t\t\t<div class=\"e-con-inner\">\n\t\t\t\t<div class=\"elementor-element elementor-element-23ba58a6 elementor-widget elementor-widget-text-editor\" data-id=\"23ba58a6\" data-element_type=\"widget\" data-e-type=\"widget\" data-widget_type=\"text-editor.default\">\n\t\t\t\t<div class=\"elementor-widget-container\">\n\t\t\t\t\t\t\t\t\t\n<p>You can access the promotional presentations of the Innovative Education Research and Development Association (YEAR-GE) here:<\/p>\n<ul>\n<li>YEAR-GE Presentation (PDF) \u2013 Turkish: <a href=\"https:\/\/tinyurl.com\/rdcuzhb9\">https:\/\/tinyurl.com\/rdcuzhb9<\/a><\/li>\n<li>YEAR-GE Presentation (PDF) \u2013 English: <a href=\"https:\/\/tinyurl.com\/4ueacftb\">https:\/\/tinyurl.com\/4ueacftb<\/a><\/li>\n<\/ul>\n\t\t\t\t\t\t\t\t<\/div>\n\t\t\t\t<\/div>\n\t\t\t\t\t<\/div>\n\t\t\t\t<\/div>\n\t\t<div class=\"aux-parallax-section elementor-element elementor-element-0789073 e-flex e-con-boxed e-con e-parent\" data-id=\"0789073\" data-element_type=\"container\" data-e-type=\"container\">\n\t\t\t\t\t<div class=\"e-con-inner\">\n\t\t\t\t\t<\/div>\n\t\t\t\t<\/div>\n\t\t\t\t<\/div>","protected":false},"excerpt":{"rendered":"<p>Yenilik\u00e7i E\u011fitim Ara\u015ft\u0131rma ve Geli\u015ftirme Derne\u011fi (YEAR-GE) derne\u011fine ait tan\u0131t\u0131m sunumlar\u0131na buradan ula\u015fabilirsiniz: YEAR-GE Tan\u0131t\u0131m Sunumu (PDF) \u2013 T\u00fcrk\u00e7e: https:\/\/tinyurl.com\/rdcuzhb9 YEAR-GE Tan\u0131t\u0131m Sunumu (PDF) \u2013 English: https:\/\/tinyurl.com\/4ueacftb<\/p>","protected":false},"author":1,"featured_media":0,"parent":0,"menu_order":0,"comment_status":"closed","ping_status":"closed","template":"","meta":{"footnotes":""},"class_list":["post-353","page","type-page","status-publish","hentry"],"_hostinger_reach_plugin_has_subscription_block":false,"_hostinger_reach_plugin_is_elementor":false,"_links":{"self":[{"href":"https:\/\/yeargedernegi.org\/en\/wp-json\/wp\/v2\/pages\/353","targetHints":{"allow":["GET"]}}],"collection":[{"href":"https:\/\/yeargedernegi.org\/en\/wp-json\/wp\/v2\/pages"}],"about":[{"href":"https:\/\/yeargedernegi.org\/en\/wp-json\/wp\/v2\/types\/page"}],"author":[{"embeddable":true,"href":"https:\/\/yeargedernegi.org\/en\/wp-json\/wp\/v2\/users\/1"}],"replies":[{"embeddable":true,"href":"https:\/\/yeargedernegi.org\/en\/wp-json\/wp\/v2\/comments?post=353"}],"version-history":[{"count":7,"href":"https:\/\/yeargedernegi.org\/en\/wp-json\/wp\/v2\/pages\/353\/revisions"}],"predecessor-version":[{"id":596,"href":"https:\/\/yeargedernegi.org\/en\/wp-json\/wp\/v2\/pages\/353\/revisions\/596"}],"wp:attachment":[{"href":"https:\/\/yeargedernegi.org\/en\/wp-json\/wp\/v2\/media?parent=353"}],"curies":[{"name":"wp","href":"https:\/\/api.w.org\/{rel}","templated":true}]}}