{"id":359,"date":"2025-11-20T07:45:15","date_gmt":"2025-11-20T07:45:15","guid":{"rendered":"https:\/\/yeargedernegi.org\/?page_id=359"},"modified":"2025-11-25T21:02:26","modified_gmt":"2025-11-25T21:02:26","slug":"proje-ekibimiz","status":"publish","type":"page","link":"https:\/\/yeargedernegi.org\/en\/proje-ekibimiz\/","title":{"rendered":"Serap KIRDAR KUZ\u00d6REN"},"content":{"rendered":"<div data-elementor-type=\"wp-page\" data-elementor-id=\"359\" class=\"elementor elementor-359\">\n\t\t\t\t<div class=\"aux-parallax-section elementor-element elementor-element-74254af5 e-flex e-con-boxed e-con e-parent\" data-id=\"74254af5\" data-element_type=\"container\" data-e-type=\"container\">\n\t\t\t\t\t<div class=\"e-con-inner\">\n\t\t\t\t<div class=\"elementor-element elementor-element-23ba58a6 elementor-widget elementor-widget-text-editor\" data-id=\"23ba58a6\" data-element_type=\"widget\" data-e-type=\"widget\" data-widget_type=\"text-editor.default\">\n\t\t\t\t<div class=\"elementor-widget-container\">\n\t\t\t\t\t\t\t\t\t<p><strong><img fetchpriority=\"high\" decoding=\"async\" class=\"alignnone size-medium wp-image-298\" src=\"https:\/\/yeargedernegi.org\/wp-content\/uploads\/2025\/11\/image08_Dernek_Baskani_Serap-300x300.png\" alt=\"\" width=\"300\" height=\"300\" srcset=\"https:\/\/yeargedernegi.org\/wp-content\/uploads\/2025\/11\/image08_Dernek_Baskani_Serap-300x300.png 300w, https:\/\/yeargedernegi.org\/wp-content\/uploads\/2025\/11\/image08_Dernek_Baskani_Serap-1024x1024.png 1024w, https:\/\/yeargedernegi.org\/wp-content\/uploads\/2025\/11\/image08_Dernek_Baskani_Serap-150x150.png 150w, https:\/\/yeargedernegi.org\/wp-content\/uploads\/2025\/11\/image08_Dernek_Baskani_Serap-768x768.png 768w, https:\/\/yeargedernegi.org\/wp-content\/uploads\/2025\/11\/image08_Dernek_Baskani_Serap-1536x1536.png 1536w, https:\/\/yeargedernegi.org\/wp-content\/uploads\/2025\/11\/image08_Dernek_Baskani_Serap-200x200.png 200w, https:\/\/yeargedernegi.org\/wp-content\/uploads\/2025\/11\/image08_Dernek_Baskani_Serap.png 1688w\" sizes=\"(max-width: 300px) 100vw, 300px\" \/><\/strong><\/p>\n<p><strong>Serap KIRDAR KUZ\u00d6REN \u2013 Association President<\/strong><\/p>\n<p><em>Head Teacher, Project Specialist, Youth Worker, Trainer and Researcher<\/em><\/p>\n<p><strong>Serap KIRDAR KUZ\u00d6REN<\/strong> He is the chairman of the association&#039;s board of directors. He has 20 years of experience working with young people and adults in local and international projects. He is responsible for public relations, project implementation, dissemination, evaluation, and quality management. He actively participates in youth projects such as ESC (European Solidarity Corps) and EVS (European Voluntary Service). He holds a master&#039;s degree in &quot;Educational Programs and Instruction&quot; from the Sakarya University Institute of Social Sciences. He specializes in curriculum design and ICT-based teaching. He also serves as a teacher trainer in new methods and techniques of teaching English as a foreign language. Since T\u00fcrkiye became a program country in EU programs, he has experience in project development, management, and implementation. He collaborates with public institutions, private institutions, and non-governmental organizations to inform about EU programs and opportunities and to disseminate project activities. He speaks English fluently (C2). He also speaks German at A2+ level.<\/p>\n<p><!-- \/wp:paragraph --><\/p>\t\t\t\t\t\t\t\t<\/div>\n\t\t\t\t<\/div>\n\t\t\t\t\t<\/div>\n\t\t\t\t<\/div>\n\t\t<div class=\"aux-parallax-section elementor-element elementor-element-0789073 e-flex e-con-boxed e-con e-parent\" data-id=\"0789073\" data-element_type=\"container\" data-e-type=\"container\">\n\t\t\t\t\t<div class=\"e-con-inner\">\n\t\t\t\t\t<\/div>\n\t\t\t\t<\/div>\n\t\t\t\t<\/div>","protected":false},"excerpt":{"rendered":"<p>Serap KIRDAR KUZ\u00d6REN \u2013 Dernek Ba\u015fkan\u0131 Ba\u015f\u00f6\u011fretmen, Proje Uzman\u0131, Gen\u00e7lik \u00c7al\u0131\u015fan\u0131, E\u011fitmen ve Ara\u015ft\u0131rmac\u0131 Serap KIRDAR KUZ\u00d6REN derne\u011fin y\u00f6netim kurulu ba\u015fkan\u0131d\u0131r. Yerel ve uluslararas\u0131 projelerde gen\u00e7ler ve yeti\u015fkinlerle 20 y\u0131ll\u0131k \u00e7al\u0131\u015fma deneyimine sahiptir. Halkla ili\u015fkiler, proje uygulama, yayg\u0131nla\u015ft\u0131rma, de\u011ferlendirme ve kalite y\u00f6netiminden sorumludur. ESC (European Solidarity Corps &#8211; Avrupa Dayan\u0131\u015fma Toplulu\u011fu) ve EVS (European Voluntary [&hellip;]<\/p>","protected":false},"author":1,"featured_media":0,"parent":0,"menu_order":0,"comment_status":"closed","ping_status":"closed","template":"","meta":{"footnotes":""},"class_list":["post-359","page","type-page","status-publish","hentry"],"_hostinger_reach_plugin_has_subscription_block":false,"_hostinger_reach_plugin_is_elementor":false,"_links":{"self":[{"href":"https:\/\/yeargedernegi.org\/en\/wp-json\/wp\/v2\/pages\/359","targetHints":{"allow":["GET"]}}],"collection":[{"href":"https:\/\/yeargedernegi.org\/en\/wp-json\/wp\/v2\/pages"}],"about":[{"href":"https:\/\/yeargedernegi.org\/en\/wp-json\/wp\/v2\/types\/page"}],"author":[{"embeddable":true,"href":"https:\/\/yeargedernegi.org\/en\/wp-json\/wp\/v2\/users\/1"}],"replies":[{"embeddable":true,"href":"https:\/\/yeargedernegi.org\/en\/wp-json\/wp\/v2\/comments?post=359"}],"version-history":[{"count":21,"href":"https:\/\/yeargedernegi.org\/en\/wp-json\/wp\/v2\/pages\/359\/revisions"}],"predecessor-version":[{"id":607,"href":"https:\/\/yeargedernegi.org\/en\/wp-json\/wp\/v2\/pages\/359\/revisions\/607"}],"wp:attachment":[{"href":"https:\/\/yeargedernegi.org\/en\/wp-json\/wp\/v2\/media?parent=359"}],"curies":[{"name":"wp","href":"https:\/\/api.w.org\/{rel}","templated":true}]}}