{"id":372,"date":"2025-11-20T08:13:33","date_gmt":"2025-11-20T08:13:33","guid":{"rendered":"https:\/\/yeargedernegi.org\/?page_id=372"},"modified":"2025-11-20T14:21:19","modified_gmt":"2025-11-20T14:21:19","slug":"erasmus-nedir","status":"publish","type":"page","link":"https:\/\/yeargedernegi.org\/en\/erasmus-nedir\/","title":{"rendered":"What is Erasmus+?"},"content":{"rendered":"<div data-elementor-type=\"wp-page\" data-elementor-id=\"372\" class=\"elementor elementor-372\">\n\t\t\t\t<div class=\"aux-parallax-section elementor-element elementor-element-375677c e-flex e-con-boxed e-con e-parent\" data-id=\"375677c\" data-element_type=\"container\" data-e-type=\"container\">\n\t\t\t\t\t<div class=\"e-con-inner\">\n\t\t\t\t<div class=\"elementor-element elementor-element-86d2290 elementor-widget elementor-widget-aux_image\" data-id=\"86d2290\" data-element_type=\"widget\" data-e-type=\"widget\" data-widget_type=\"aux_image.default\">\n\t\t\t\t<div class=\"elementor-widget-container\">\n\t\t\t\t\t<section class=\"widget-container aux-widget-image aux-alignnone aux-parent-aue4c07208\">\n    <div class=\"aux-media-hint-frame\">\n        <div class=\"aux-media-image\" >\n        \n            \n\n            \n            <img fetchpriority=\"high\" decoding=\"async\" width=\"1350\" height=\"947\" src=\"https:\/\/yeargedernegi.org\/wp-content\/uploads\/2025\/11\/image20_Erasmus-e1763626461110.png\" class=\"aux-attachment aux-featured-image aux-attachment-id-374\" alt=\"image20_Erasmus\" data-ratio=\"1.43\" data-original-w=\"1350\" \/>            \n                <\/div>\n    <\/div>\n\n<\/section><!-- widget-container -->\t\t\t\t<\/div>\n\t\t\t\t<\/div>\n\t\t\t\t\t<\/div>\n\t\t\t\t<\/div>\n\t\t<div class=\"aux-parallax-section elementor-element elementor-element-541b6b18 e-flex e-con-boxed e-con e-parent\" data-id=\"541b6b18\" data-element_type=\"container\" data-e-type=\"container\">\n\t\t\t\t\t<div class=\"e-con-inner\">\n\t\t\t\t<div class=\"elementor-element elementor-element-2deab248 elementor-widget elementor-widget-text-editor\" data-id=\"2deab248\" data-element_type=\"widget\" data-e-type=\"widget\" data-widget_type=\"text-editor.default\">\n\t\t\t\t<div class=\"elementor-widget-container\">\n\t\t\t\t\t\t\t\t\t\n<p><strong>What is Erasmus+?<\/strong><\/p>\n<p>Erasmus+ is a comprehensive program run by the European Union to encourage individuals and institutions to gain international experience, develop collaborations, and share knowledge in the fields of education, youth, and sports. This program, valid for the 2021\u20132027 period, offers new opportunities to participants across Europe and the world.<\/p>\n<p>\u00a0<\/p>\n<p><strong>Main Objectives of the Program:<\/strong><\/p>\n<p>* To increase the quality of education and support innovative teaching practices,<\/p>\n<p>* Strengthening the personal and professional development of young people,<\/p>\n<p>* Ensuring the sharing of knowledge, experience and good practices by encouraging international cooperation between institutions,<\/p>\n<p>* Developing social inclusion, intercultural interaction and digital competencies.<\/p>\n<p>\u00a0<\/p>\n<p><strong>Target Audience and Opportunities:<\/strong><\/p>\n<p>The Erasmus+ program appeals to a wide range of people, from students to teachers, young people to adults, educational institutions to civil society organizations. The program includes:<\/p>\n<p>\u00a0<\/p>\n<p>* <strong>Mobility Activities:<\/strong> Overseas education, internships and on-the-job experiences, youth exchanges, training courses, volunteering projects,<\/p>\n<p>* <strong>Partnership and Collaboration Projects:<\/strong> Inter-institutional strategic partnerships, innovative application projects, eTwinning and digital education projects,<\/p>\n<p>* Capacity Building and Dissemination: Information sharing and national and international capacity building activities are carried out.<\/p>\n<p>\u00a0<\/p>\n<p><strong>Why Is It Important?<\/strong><\/p>\n<p>Erasmus+ projects not only provide participants with international experience, they also raise the quality standards of educational institutions, develop young people&#039;s intercultural skills, and raise public awareness. They also foster sustainable collaborations between institutions, creating lasting impact both locally and globally.<\/p>\n<p>\u00a0<\/p>\n<p><strong>Our Role as YEAR-GE Association:<\/strong><\/p>\n<p>YEAR-GE plays an active role in the development, implementation, and dissemination of Erasmus+ projects. While providing national and international mobility opportunities for students, youth, adults, and educators, we aim to strengthen inter-institutional collaborations and develop innovative solutions in education.<\/p>\n<p>With Erasmus+, borders in education are disappearing, the sharing of knowledge and experience is increasing, and the investment in the future of societies is becoming concrete.<\/p>\n\t\t\t\t\t\t\t\t<\/div>\n\t\t\t\t<\/div>\n\t\t\t\t\t<\/div>\n\t\t\t\t<\/div>\n\t\t\t\t<\/div>","protected":false},"excerpt":{"rendered":"<p>Erasmus+ Nedir? Erasmus+, Avrupa Birli\u011fi taraf\u0131ndan e\u011fitim, gen\u00e7lik ve spor alanlar\u0131nda bireylerin ve kurumlar\u0131n uluslararas\u0131 deneyim kazanmas\u0131n\u0131, i\u015fbirliklerini geli\u015ftirmesini ve bilgi payla\u015f\u0131m\u0131n\u0131 te\u015fvik etmek amac\u0131yla y\u00fcr\u00fct\u00fclen kapsaml\u0131 bir programd\u0131r. 2021\u20132027 d\u00f6nemi i\u00e7in ge\u00e7erli olan bu program, Avrupa ve d\u00fcnya genelinde kat\u0131l\u0131mc\u0131lara yeni f\u0131rsatlar sunar. \u00a0 Program\u0131n Temel Ama\u00e7lar\u0131: * E\u011fitimde kaliteyi art\u0131rmak ve yenilik\u00e7i \u00f6\u011fretim [&hellip;]<\/p>","protected":false},"author":1,"featured_media":303,"parent":0,"menu_order":0,"comment_status":"closed","ping_status":"closed","template":"","meta":{"footnotes":""},"class_list":["post-372","page","type-page","status-publish","has-post-thumbnail","hentry"],"_hostinger_reach_plugin_has_subscription_block":false,"_hostinger_reach_plugin_is_elementor":false,"_links":{"self":[{"href":"https:\/\/yeargedernegi.org\/en\/wp-json\/wp\/v2\/pages\/372","targetHints":{"allow":["GET"]}}],"collection":[{"href":"https:\/\/yeargedernegi.org\/en\/wp-json\/wp\/v2\/pages"}],"about":[{"href":"https:\/\/yeargedernegi.org\/en\/wp-json\/wp\/v2\/types\/page"}],"author":[{"embeddable":true,"href":"https:\/\/yeargedernegi.org\/en\/wp-json\/wp\/v2\/users\/1"}],"replies":[{"embeddable":true,"href":"https:\/\/yeargedernegi.org\/en\/wp-json\/wp\/v2\/comments?post=372"}],"version-history":[{"count":4,"href":"https:\/\/yeargedernegi.org\/en\/wp-json\/wp\/v2\/pages\/372\/revisions"}],"predecessor-version":[{"id":377,"href":"https:\/\/yeargedernegi.org\/en\/wp-json\/wp\/v2\/pages\/372\/revisions\/377"}],"wp:featuredmedia":[{"embeddable":true,"href":"https:\/\/yeargedernegi.org\/en\/wp-json\/wp\/v2\/media\/303"}],"wp:attachment":[{"href":"https:\/\/yeargedernegi.org\/en\/wp-json\/wp\/v2\/media?parent=372"}],"curies":[{"name":"wp","href":"https:\/\/api.w.org\/{rel}","templated":true}]}}