{"id":399,"date":"2025-11-20T10:07:09","date_gmt":"2025-11-20T10:07:09","guid":{"rendered":"https:\/\/yeargedernegi.org\/?page_id=399"},"modified":"2025-11-25T21:04:27","modified_gmt":"2025-11-25T21:04:27","slug":"yalcin-kuzoren","status":"publish","type":"page","link":"https:\/\/yeargedernegi.org\/en\/yalcin-kuzoren\/","title":{"rendered":"Yalcin Kuzoren"},"content":{"rendered":"<div data-elementor-type=\"wp-page\" data-elementor-id=\"399\" class=\"elementor elementor-399\">\n\t\t\t\t<div class=\"aux-parallax-section elementor-element elementor-element-74254af5 e-flex e-con-boxed e-con e-parent\" data-id=\"74254af5\" data-element_type=\"container\" data-e-type=\"container\">\n\t\t\t\t\t<div class=\"e-con-inner\">\n\t\t\t\t<div class=\"elementor-element elementor-element-23ba58a6 elementor-widget elementor-widget-text-editor\" data-id=\"23ba58a6\" data-element_type=\"widget\" data-e-type=\"widget\" data-widget_type=\"text-editor.default\">\n\t\t\t\t<div class=\"elementor-widget-container\">\n\t\t\t\t\t\t\t\t\t<p><strong> <img fetchpriority=\"high\" decoding=\"async\" class=\"alignnone size-medium wp-image-273\" src=\"https:\/\/yeargedernegi.org\/wp-content\/uploads\/2025\/11\/image09_Dernek_Baskan_Yard_Yalcin-300x300.png\" alt=\"\" width=\"300\" height=\"300\" srcset=\"https:\/\/yeargedernegi.org\/wp-content\/uploads\/2025\/11\/image09_Dernek_Baskan_Yard_Yalcin-300x300.png 300w, https:\/\/yeargedernegi.org\/wp-content\/uploads\/2025\/11\/image09_Dernek_Baskan_Yard_Yalcin-1024x1024.png 1024w, https:\/\/yeargedernegi.org\/wp-content\/uploads\/2025\/11\/image09_Dernek_Baskan_Yard_Yalcin-150x150.png 150w, https:\/\/yeargedernegi.org\/wp-content\/uploads\/2025\/11\/image09_Dernek_Baskan_Yard_Yalcin-768x768.png 768w, https:\/\/yeargedernegi.org\/wp-content\/uploads\/2025\/11\/image09_Dernek_Baskan_Yard_Yalcin-1536x1536.png 1536w, https:\/\/yeargedernegi.org\/wp-content\/uploads\/2025\/11\/image09_Dernek_Baskan_Yard_Yalcin-200x200.png 200w, https:\/\/yeargedernegi.org\/wp-content\/uploads\/2025\/11\/image09_Dernek_Baskan_Yard_Yalcin.png 1688w\" sizes=\"(max-width: 300px) 100vw, 300px\" \/><\/strong><\/p>\n<p><strong>Yal\u00e7\u0131n KUZ\u00d6REN \u2013 Vice President<\/strong><\/p>\n<p><em>Headteacher, Project manager, Researcher, ICT specialist, trainer and graphic designer<\/em><\/p>\n<p>Yal\u00e7\u0131n Kuz\u00f6ren is a member of the association&#039;s board of directors. He has over 20 years of experience in youth, vocational training, adult education, maritime, local, EU, and Pre-Accession Assistance (IPA) funding. He is responsible for project implementation, reporting, networking, dissemination, and financial matters. He specializes in project cycle management (PCM) and organizes seminars on Project Cycle Training, Project Preparation, and EU programs to promote a project culture and project-based thinking among local communities. He is experienced in curriculum design and has organized training seminars for teachers on new curricula and English language teaching methodologies. He is involved in numerous EU projects related to the integration and inclusion of refugees and migrants in society. He also carries out projects in the maritime sector and maritime English. He also plays an active role in numerous projects in school education and youth. He possesses strong organizational skills, a good command of English (C2) communication skills, and ICT skills such as graphic design, coding, programming, and social media management.<\/p>\n<p><!-- \/wp:paragraph --><\/p>\t\t\t\t\t\t\t\t<\/div>\n\t\t\t\t<\/div>\n\t\t\t\t\t<\/div>\n\t\t\t\t<\/div>\n\t\t<div class=\"aux-parallax-section elementor-element elementor-element-0789073 e-flex e-con-boxed e-con e-parent\" data-id=\"0789073\" data-element_type=\"container\" data-e-type=\"container\">\n\t\t\t\t\t<div class=\"e-con-inner\">\n\t\t\t\t\t<\/div>\n\t\t\t\t<\/div>\n\t\t\t\t<\/div>","protected":false},"excerpt":{"rendered":"<p>Yal\u00e7\u0131n KUZ\u00d6REN \u2013 Ba\u015fkan Yard\u0131mc\u0131s\u0131 Ba\u015f\u00f6\u011fretmen, Proje y\u00f6neticisi, Ara\u015ft\u0131rmac\u0131, B\u0130T uzman\u0131, e\u011fitmen ve grafik tasar\u0131mc\u0131 Yal\u00e7\u0131n Kuz\u00f6ren derne\u011fin y\u00f6netim kurulu \u00fcyesidir. Gen\u00e7lik, mesleki e\u011fitim, yeti\u015fkin e\u011fitimi, denizcilik, yerel, AB ve Kat\u0131l\u0131m \u00d6ncesi Yard\u0131m (IPA) fonlar\u0131 alan\u0131nda 20 y\u0131l\u0131 a\u015fk\u0131n deneyime sahiptir. Projenin uygulama, raporlama, a\u011f olu\u015fturma, yayg\u0131nla\u015ft\u0131rma ve mali konular\u0131ndan sorumludur. Proje d\u00f6ng\u00fcs\u00fc y\u00f6netimi (PCM) [&hellip;]<\/p>","protected":false},"author":1,"featured_media":0,"parent":0,"menu_order":0,"comment_status":"closed","ping_status":"closed","template":"","meta":{"footnotes":""},"class_list":["post-399","page","type-page","status-publish","hentry"],"_hostinger_reach_plugin_has_subscription_block":false,"_hostinger_reach_plugin_is_elementor":false,"_links":{"self":[{"href":"https:\/\/yeargedernegi.org\/en\/wp-json\/wp\/v2\/pages\/399","targetHints":{"allow":["GET"]}}],"collection":[{"href":"https:\/\/yeargedernegi.org\/en\/wp-json\/wp\/v2\/pages"}],"about":[{"href":"https:\/\/yeargedernegi.org\/en\/wp-json\/wp\/v2\/types\/page"}],"author":[{"embeddable":true,"href":"https:\/\/yeargedernegi.org\/en\/wp-json\/wp\/v2\/users\/1"}],"replies":[{"embeddable":true,"href":"https:\/\/yeargedernegi.org\/en\/wp-json\/wp\/v2\/comments?post=399"}],"version-history":[{"count":8,"href":"https:\/\/yeargedernegi.org\/en\/wp-json\/wp\/v2\/pages\/399\/revisions"}],"predecessor-version":[{"id":610,"href":"https:\/\/yeargedernegi.org\/en\/wp-json\/wp\/v2\/pages\/399\/revisions\/610"}],"wp:attachment":[{"href":"https:\/\/yeargedernegi.org\/en\/wp-json\/wp\/v2\/media?parent=399"}],"curies":[{"name":"wp","href":"https:\/\/api.w.org\/{rel}","templated":true}]}}