{"id":400,"date":"2025-11-20T10:07:17","date_gmt":"2025-11-20T10:07:17","guid":{"rendered":"https:\/\/yeargedernegi.org\/?page_id=400"},"modified":"2025-11-20T14:21:09","modified_gmt":"2025-11-20T14:21:09","slug":"gulnur-varli","status":"publish","type":"page","link":"https:\/\/yeargedernegi.org\/en\/gulnur-varli\/","title":{"rendered":"Gulnur Varli"},"content":{"rendered":"<div data-elementor-type=\"wp-page\" data-elementor-id=\"400\" class=\"elementor elementor-400\">\n\t\t\t\t<div class=\"aux-parallax-section elementor-element elementor-element-74254af5 e-flex e-con-boxed e-con e-parent\" data-id=\"74254af5\" data-element_type=\"container\" data-e-type=\"container\">\n\t\t\t\t\t<div class=\"e-con-inner\">\n\t\t\t\t<div class=\"elementor-element elementor-element-23ba58a6 elementor-widget elementor-widget-text-editor\" data-id=\"23ba58a6\" data-element_type=\"widget\" data-e-type=\"widget\" data-widget_type=\"text-editor.default\">\n\t\t\t\t<div class=\"elementor-widget-container\">\n\t\t\t\t\t\t\t\t\t<p><strong> <img fetchpriority=\"high\" decoding=\"async\" class=\"alignnone size-medium wp-image-361\" src=\"https:\/\/yeargedernegi.org\/wp-content\/uploads\/2025\/11\/image10_Dernek_Yonetim_uyesi_Gulnur-300x300.png\" alt=\"\" width=\"300\" height=\"300\" srcset=\"https:\/\/yeargedernegi.org\/wp-content\/uploads\/2025\/11\/image10_Dernek_Yonetim_uyesi_Gulnur-300x300.png 300w, https:\/\/yeargedernegi.org\/wp-content\/uploads\/2025\/11\/image10_Dernek_Yonetim_uyesi_Gulnur-1024x1024.png 1024w, https:\/\/yeargedernegi.org\/wp-content\/uploads\/2025\/11\/image10_Dernek_Yonetim_uyesi_Gulnur-150x150.png 150w, https:\/\/yeargedernegi.org\/wp-content\/uploads\/2025\/11\/image10_Dernek_Yonetim_uyesi_Gulnur-768x768.png 768w, https:\/\/yeargedernegi.org\/wp-content\/uploads\/2025\/11\/image10_Dernek_Yonetim_uyesi_Gulnur-200x200.png 200w, https:\/\/yeargedernegi.org\/wp-content\/uploads\/2025\/11\/image10_Dernek_Yonetim_uyesi_Gulnur.png 1350w\" sizes=\"(max-width: 300px) 100vw, 300px\" \/><\/strong><\/p>\n<p><strong>G\u00fclnur VARLI \u2013 Association Board Member<\/strong><\/p>\n<p><em>Head teacher<\/em><em>, Erasmus+ School Education, E-twinning Projects Coordinator and Youth Leader<\/em><\/p>\n<p>G\u00fclnur VARLI takes an active role in the design, writing, execution and reporting processes of Erasmus+ School Education, Youth and eTwinning projects in the field of European Union education programs.<\/p>\n<p>She is a project volunteer with an interest in and work on Erasmus+ School Education, Youth, and eTwinning projects. She participates in the preparation, implementation, and reporting of projects, and provides support for developing collaborations with national and international institutions. She aims to contribute to innovative practices in education, intercultural interaction, and activities that support youth development.<\/p>\n<p>He has experience in projects based on national and international capacity building, digital transformation, 21st century skills, innovative learning environments and intercultural interaction.<\/p>\n<p>It offers training, workshops, seminars and guidance support for teachers, young people, educational institutions and NGOs.<\/p>\n<p><!-- \/wp:paragraph --><\/p>\t\t\t\t\t\t\t\t<\/div>\n\t\t\t\t<\/div>\n\t\t\t\t\t<\/div>\n\t\t\t\t<\/div>\n\t\t<div class=\"aux-parallax-section elementor-element elementor-element-0789073 e-flex e-con-boxed e-con e-parent\" data-id=\"0789073\" data-element_type=\"container\" data-e-type=\"container\">\n\t\t\t\t\t<div class=\"e-con-inner\">\n\t\t\t\t\t<\/div>\n\t\t\t\t<\/div>\n\t\t\t\t<\/div>","protected":false},"excerpt":{"rendered":"<p>G\u00fclnur VARLI \u2013 Dernek Y\u00f6netim Kurulu \u00dcyesi Ba\u015f\u00f6\u011fretmen, Erasmus+ Okul E\u011fitimi, E-twinning Projeleri Koordinat\u00f6r\u00fc ve Gen\u00e7lik Lideri G\u00fclnur VARLI, Avrupa Birli\u011fi e\u011fitim programlar\u0131 alan\u0131nda\u00a0 Erasmus+ Okul E\u011fitimi, Gen\u00e7lik ve eTwinning projelerinin tasarlanmas\u0131, yaz\u0131lmas\u0131, y\u00fcr\u00fct\u00fclmesi ve raporlanmas\u0131 s\u00fcre\u00e7lerinde aktif rol almaktad\u0131r. Erasmus+ Okul E\u011fitimi, Gen\u00e7lik ve eTwinning projeleri s\u00fcre\u00e7lerine ilgi duyan ve bu alanda \u00e7al\u0131\u015fmalar y\u00fcr\u00fcten [&hellip;]<\/p>","protected":false},"author":1,"featured_media":0,"parent":0,"menu_order":0,"comment_status":"closed","ping_status":"closed","template":"","meta":{"footnotes":""},"class_list":["post-400","page","type-page","status-publish","hentry"],"_hostinger_reach_plugin_has_subscription_block":false,"_hostinger_reach_plugin_is_elementor":false,"_links":{"self":[{"href":"https:\/\/yeargedernegi.org\/en\/wp-json\/wp\/v2\/pages\/400","targetHints":{"allow":["GET"]}}],"collection":[{"href":"https:\/\/yeargedernegi.org\/en\/wp-json\/wp\/v2\/pages"}],"about":[{"href":"https:\/\/yeargedernegi.org\/en\/wp-json\/wp\/v2\/types\/page"}],"author":[{"embeddable":true,"href":"https:\/\/yeargedernegi.org\/en\/wp-json\/wp\/v2\/users\/1"}],"replies":[{"embeddable":true,"href":"https:\/\/yeargedernegi.org\/en\/wp-json\/wp\/v2\/comments?post=400"}],"version-history":[{"count":5,"href":"https:\/\/yeargedernegi.org\/en\/wp-json\/wp\/v2\/pages\/400\/revisions"}],"predecessor-version":[{"id":501,"href":"https:\/\/yeargedernegi.org\/en\/wp-json\/wp\/v2\/pages\/400\/revisions\/501"}],"wp:attachment":[{"href":"https:\/\/yeargedernegi.org\/en\/wp-json\/wp\/v2\/media?parent=400"}],"curies":[{"name":"wp","href":"https:\/\/api.w.org\/{rel}","templated":true}]}}