{"id":430,"date":"2025-11-20T11:50:53","date_gmt":"2025-11-20T11:50:53","guid":{"rendered":"https:\/\/yeargedernegi.org\/?page_id=430"},"modified":"2025-11-20T14:44:17","modified_gmt":"2025-11-20T14:44:17","slug":"firsatlar","status":"publish","type":"page","link":"https:\/\/yeargedernegi.org\/en\/firsatlar\/","title":{"rendered":"Opportunities"},"content":{"rendered":"<div data-elementor-type=\"wp-page\" data-elementor-id=\"430\" class=\"elementor elementor-430\">\n\t\t\t\t<div class=\"aux-parallax-section elementor-element elementor-element-3828b25 e-flex e-con-boxed e-con e-parent\" data-id=\"3828b25\" data-element_type=\"container\" data-e-type=\"container\">\n\t\t\t\t\t<div class=\"e-con-inner\">\n\t\t\t\t<div class=\"elementor-element elementor-element-510c6be elementor-widget elementor-widget-aux_image\" data-id=\"510c6be\" data-element_type=\"widget\" data-e-type=\"widget\" data-widget_type=\"aux_image.default\">\n\t\t\t\t<div class=\"elementor-widget-container\">\n\t\t\t\t\t<section class=\"widget-container aux-widget-image aux-alignnone aux-parent-au9fd0a887\">\n    <div class=\"aux-media-hint-frame\">\n        <div class=\"aux-media-image\" >\n        \n            \n\n            \n            <img fetchpriority=\"high\" decoding=\"async\" width=\"1350\" height=\"497\" src=\"https:\/\/yeargedernegi.org\/wp-content\/uploads\/2025\/11\/image21_Erasmus_firsatlari-e1763639491976.png\" class=\"aux-attachment aux-featured-image aux-attachment-id-432\" alt=\"image21_Erasmus_firsatlari\" data-ratio=\"2.72\" data-original-w=\"1350\" \/>            \n                <\/div>\n    <\/div>\n\n<\/section><!-- widget-container -->\t\t\t\t<\/div>\n\t\t\t\t<\/div>\n\t\t\t\t\t<\/div>\n\t\t\t\t<\/div>\n\t\t<div class=\"aux-parallax-section elementor-element elementor-element-74254af5 e-flex e-con-boxed e-con e-parent\" data-id=\"74254af5\" data-element_type=\"container\" data-e-type=\"container\">\n\t\t\t\t\t<div class=\"e-con-inner\">\n\t\t\t\t<div class=\"elementor-element elementor-element-23ba58a6 elementor-widget elementor-widget-text-editor\" data-id=\"23ba58a6\" data-element_type=\"widget\" data-e-type=\"widget\" data-widget_type=\"text-editor.default\">\n\t\t\t\t<div class=\"elementor-widget-container\">\n\t\t\t\t\t\t\t\t\t\n<p><strong>ERASMUS+ Opportunities<\/strong><\/p>\n<p><strong>Erasmus+,<\/strong> It is an international opportunities program offered by the European Union to individuals and institutions in the fields of education, youth and sports. The program; <strong>institutions, schools, universities, NGOs, private and public organizations<\/strong>, Moreover <strong>students, youth, teachers and adult learners <\/strong>It offers a wide range of opportunities for students. As YEAR-GE, we provide guidance and support to ensure that all beneficiary groups benefit from Erasmus+ opportunities in the most effective way.<\/p>\n<p>\u00a0<\/p>\n<p><strong>For Institutions and Schools<\/strong><\/p>\n<p><strong>* Strategic Partnerships:<\/strong> Developing innovative educational practices, teaching materials and methodologies,<\/p>\n<p><strong>* Capacity Building:<\/strong> Strengthening institutional cooperation and gaining international experience,<\/p>\n<p><strong>* Education Staff Mobility:<\/strong> Participation of teachers and administrators in training, seminars or courses abroad.<\/p>\n<p>\u00a0<\/p>\n<p><strong>For Universities and Higher Education Institutions<\/strong><\/p>\n<p><strong>* Academic and Student Mobility:<\/strong> Overseas education and internship opportunities for students,<\/p>\n<p><strong>* International Partnership Projects:<\/strong> Curriculum development, research and innovative practices,<\/p>\n<p><strong>* Capacity Building Projects:<\/strong> Strengthening institutions internationally and sharing experience.<\/p>\n<p>\u00a0<\/p>\n<p><strong>For NGOs and Private\/Public Institutions<\/strong><\/p>\n<p><strong>* Youth Projects and Exchange Programs: <\/strong>Opportunities for social inclusion and cultural interaction for young people,<\/p>\n<p><strong>* Project Development and Implementation:<\/strong> To carry out innovative projects with national and international partnerships,<\/p>\n<p><strong>* Training and Capacity Support:<\/strong> Activities that support the professional and personal development of the institution&#039;s employees.<\/p>\n<p>\u00a0<\/p>\n<p><strong>For Students, Teenagers and Adult Learners<\/strong><\/p>\n<p><strong>* Mobility Opportunities:<\/strong> Overseas education, internship and volunteering experiences,<\/p>\n<p><strong>* Intercultural Experiences:<\/strong> Sharing knowledge and experience with participants from different countries,<\/p>\n<p><strong>* Skill and Competency Development:<\/strong> Increasing digital skills, entrepreneurship, communication and leadership competencies.<\/p>\n<p>\u00a0<\/p>\n<p><strong>Why Erasmus+?<\/strong><\/p>\n<p>The Erasmus+ program not only provides participants with an experience abroad, <strong>intercultural understanding, innovative learning opportunities, professional development and personal growth <\/strong>For institutions, it provides international collaboration, project management experience and the opportunity to create sustainable impact.<\/p>\n<p><strong>As YEAR-GE Association, our aim is:<\/strong> To guide all beneficiaries to use the opportunities in the Erasmus+ program in the most efficient way, to provide support in project development and implementation processes, and to carry out projects that will make a difference on a national and international scale.<\/p>\n\t\t\t\t\t\t\t\t<\/div>\n\t\t\t\t<\/div>\n\t\t\t\t\t<\/div>\n\t\t\t\t<\/div>\n\t\t<div class=\"aux-parallax-section elementor-element elementor-element-0789073 e-flex e-con-boxed e-con e-parent\" data-id=\"0789073\" data-element_type=\"container\" data-e-type=\"container\">\n\t\t\t\t\t<div class=\"e-con-inner\">\n\t\t\t\t\t<\/div>\n\t\t\t\t<\/div>\n\t\t\t\t<\/div>","protected":false},"excerpt":{"rendered":"<p>ERASMUS+ F\u0131rsatlar\u0131 Erasmus+, Avrupa Birli\u011fi taraf\u0131ndan e\u011fitim, gen\u00e7lik ve spor alanlar\u0131nda bireylere ve kurumlara sunulan uluslararas\u0131 f\u0131rsatlar program\u0131d\u0131r. Program; kurumlar, okullar, \u00fcniversiteler, STK\u2019lar, \u00f6zel ve kamu kurulu\u015flar\u0131, ayr\u0131ca \u00f6\u011frenciler, gen\u00e7ler, \u00f6\u011fretmenler ve yeti\u015fkin \u00f6\u011freniciler i\u00e7in geni\u015f bir yelpazede imkanlar sunar. YEAR-GE olarak, t\u00fcm yararlan\u0131c\u0131 gruplar\u0131n Erasmus+ f\u0131rsatlar\u0131ndan en etkin \u015fekilde faydalanmas\u0131 i\u00e7in rehberlik ve destek [&hellip;]<\/p>","protected":false},"author":1,"featured_media":0,"parent":0,"menu_order":0,"comment_status":"closed","ping_status":"closed","template":"","meta":{"footnotes":""},"class_list":["post-430","page","type-page","status-publish","hentry"],"_hostinger_reach_plugin_has_subscription_block":false,"_hostinger_reach_plugin_is_elementor":false,"_links":{"self":[{"href":"https:\/\/yeargedernegi.org\/en\/wp-json\/wp\/v2\/pages\/430","targetHints":{"allow":["GET"]}}],"collection":[{"href":"https:\/\/yeargedernegi.org\/en\/wp-json\/wp\/v2\/pages"}],"about":[{"href":"https:\/\/yeargedernegi.org\/en\/wp-json\/wp\/v2\/types\/page"}],"author":[{"embeddable":true,"href":"https:\/\/yeargedernegi.org\/en\/wp-json\/wp\/v2\/users\/1"}],"replies":[{"embeddable":true,"href":"https:\/\/yeargedernegi.org\/en\/wp-json\/wp\/v2\/comments?post=430"}],"version-history":[{"count":7,"href":"https:\/\/yeargedernegi.org\/en\/wp-json\/wp\/v2\/pages\/430\/revisions"}],"predecessor-version":[{"id":528,"href":"https:\/\/yeargedernegi.org\/en\/wp-json\/wp\/v2\/pages\/430\/revisions\/528"}],"wp:attachment":[{"href":"https:\/\/yeargedernegi.org\/en\/wp-json\/wp\/v2\/media?parent=430"}],"curies":[{"name":"wp","href":"https:\/\/api.w.org\/{rel}","templated":true}]}}