{"id":436,"date":"2025-11-20T11:54:57","date_gmt":"2025-11-20T11:54:57","guid":{"rendered":"https:\/\/yeargedernegi.org\/?page_id=436"},"modified":"2025-11-20T14:25:22","modified_gmt":"2025-11-20T14:25:22","slug":"uyelik-sartlari","status":"publish","type":"page","link":"https:\/\/yeargedernegi.org\/en\/uyelik-sartlari\/","title":{"rendered":"Membership"},"content":{"rendered":"<div data-elementor-type=\"wp-page\" data-elementor-id=\"436\" class=\"elementor elementor-436\">\n\t\t\t\t<div class=\"aux-parallax-section elementor-element elementor-element-3828b25 e-flex e-con-boxed e-con e-parent\" data-id=\"3828b25\" data-element_type=\"container\" data-e-type=\"container\">\n\t\t\t\t\t<div class=\"e-con-inner\">\n\t\t\t\t<div class=\"elementor-element elementor-element-510c6be elementor-widget elementor-widget-aux_image\" data-id=\"510c6be\" data-element_type=\"widget\" data-e-type=\"widget\" data-widget_type=\"aux_image.default\">\n\t\t\t\t<div class=\"elementor-widget-container\">\n\t\t\t\t\t<section class=\"widget-container aux-widget-image aux-alignnone aux-parent-aue700adda\">\n    <div class=\"aux-media-hint-frame\">\n        <div class=\"aux-media-image\" >\n        \n            \n\n            \n            <img fetchpriority=\"high\" decoding=\"async\" width=\"1350\" height=\"833\" src=\"https:\/\/yeargedernegi.org\/wp-content\/uploads\/2025\/11\/image22_uyelik-e1763639693244.png\" class=\"aux-attachment aux-featured-image aux-attachment-id-438\" alt=\"image22_uyelik\" data-ratio=\"1.62\" data-original-w=\"1350\" \/>            \n                <\/div>\n    <\/div>\n\n<\/section><!-- widget-container -->\t\t\t\t<\/div>\n\t\t\t\t<\/div>\n\t\t\t\t\t<\/div>\n\t\t\t\t<\/div>\n\t\t<div class=\"aux-parallax-section elementor-element elementor-element-74254af5 e-flex e-con-boxed e-con e-parent\" data-id=\"74254af5\" data-element_type=\"container\" data-e-type=\"container\">\n\t\t\t\t\t<div class=\"e-con-inner\">\n\t\t\t\t<div class=\"elementor-element elementor-element-23ba58a6 elementor-widget elementor-widget-text-editor\" data-id=\"23ba58a6\" data-element_type=\"widget\" data-e-type=\"widget\" data-widget_type=\"text-editor.default\">\n\t\t\t\t<div class=\"elementor-widget-container\">\n\t\t\t\t\t\t\t\t\t\n<p><strong>Conditions for Becoming a Member of the Association<\/strong><\/p>\n<p>Those who wish to participate in the activities of our association and take an active role in the projects we carry out in the fields of education, youth, culture and social inclusion can fill out the membership pre-application form.<\/p>\n<p>Please note: Each time you complete the membership application form, it does not automatically mean you become a member of our association. Your application will be reviewed by the Board of Directors, and you will be contacted regarding the outcome.<\/p>\n<p>\u00a0<\/p>\n<p><strong>Membership Preliminary Application Form:<\/strong><\/p>\n<p><a href=\"https:\/\/forms.gle\/qNQ6j7YYQ4dg3CGx9\">https:\/\/forms.gle\/qNQ6j7YYQ4dg3CGx9<\/a><\/p>\n<p>We would be happy to see you among us to produce, learn and create an impact together with our association.<\/p>\n\t\t\t\t\t\t\t\t<\/div>\n\t\t\t\t<\/div>\n\t\t\t\t\t<\/div>\n\t\t\t\t<\/div>\n\t\t<div class=\"aux-parallax-section elementor-element elementor-element-0789073 e-flex e-con-boxed e-con e-parent\" data-id=\"0789073\" data-element_type=\"container\" data-e-type=\"container\">\n\t\t\t\t\t<div class=\"e-con-inner\">\n\t\t\t\t\t<\/div>\n\t\t\t\t<\/div>\n\t\t\t\t<\/div>","protected":false},"excerpt":{"rendered":"<p>Derne\u011fe \u00dcye Olma \u015eartlar\u0131 Derne\u011fimizin faaliyetlerine kat\u0131lmak ve e\u011fitim, gen\u00e7lik, k\u00fclt\u00fcr ve sosyal i\u00e7erme alanlar\u0131nda y\u00fcr\u00fctt\u00fc\u011f\u00fcm\u00fcz projelerde aktif rol almak isteyen ki\u015filer, \u00fcyelik \u00f6n ba\u015fvuru formunu doldurabilirler. L\u00fctfen unutmay\u0131n: Her doldurdu\u011funuz \u00fcyelik \u00f6n ba\u015fvuru formu, otomatik olarak derne\u011fimize \u00fcye oldu\u011funuz anlam\u0131na gelmemektedir. Ba\u015fvurunuz Y\u00f6netim Kurulu taraf\u0131ndan de\u011ferlendirilir ve sonucuyla ilgili taraf\u0131n\u0131za geri d\u00f6n\u00fc\u015f sa\u011flan\u0131r. \u00a0 [&hellip;]<\/p>","protected":false},"author":1,"featured_media":0,"parent":0,"menu_order":0,"comment_status":"closed","ping_status":"closed","template":"","meta":{"footnotes":""},"class_list":["post-436","page","type-page","status-publish","hentry"],"_hostinger_reach_plugin_has_subscription_block":false,"_hostinger_reach_plugin_is_elementor":false,"_links":{"self":[{"href":"https:\/\/yeargedernegi.org\/en\/wp-json\/wp\/v2\/pages\/436","targetHints":{"allow":["GET"]}}],"collection":[{"href":"https:\/\/yeargedernegi.org\/en\/wp-json\/wp\/v2\/pages"}],"about":[{"href":"https:\/\/yeargedernegi.org\/en\/wp-json\/wp\/v2\/types\/page"}],"author":[{"embeddable":true,"href":"https:\/\/yeargedernegi.org\/en\/wp-json\/wp\/v2\/users\/1"}],"replies":[{"embeddable":true,"href":"https:\/\/yeargedernegi.org\/en\/wp-json\/wp\/v2\/comments?post=436"}],"version-history":[{"count":8,"href":"https:\/\/yeargedernegi.org\/en\/wp-json\/wp\/v2\/pages\/436\/revisions"}],"predecessor-version":[{"id":516,"href":"https:\/\/yeargedernegi.org\/en\/wp-json\/wp\/v2\/pages\/436\/revisions\/516"}],"wp:attachment":[{"href":"https:\/\/yeargedernegi.org\/en\/wp-json\/wp\/v2\/media?parent=436"}],"curies":[{"name":"wp","href":"https:\/\/api.w.org\/{rel}","templated":true}]}}